{"id":47,"date":"2021-09-20T18:29:25","date_gmt":"2021-09-20T16:29:25","guid":{"rendered":"http:\/\/www.sp23.com.pl\/?page_id=47"},"modified":"2025-11-13T12:31:17","modified_gmt":"2025-11-13T11:31:17","slug":"rodo","status":"publish","type":"page","link":"https:\/\/sp23.poznan.pl\/?page_id=47","title":{"rendered":"RODO"},"content":{"rendered":"\n<p><\/p>\n\n\n\n<p class=\"has-medium-font-size\"><strong>Inspektor Ochrony Danych &#8211; p. Katarzyna P\u0119dzich-Nowak<\/strong><\/p>\n\n\n\n<p class=\"has-medium-font-size\">email: iod_mjo@um.poznan.pl<\/p>\n\n\n\n<p class=\"has-medium-font-size\"><strong>Zast\u0119pca Inspektora Ochrony Danych &#8211; p. Anna Kwieci\u0144ska<\/strong><\/p>\n\n\n\n<p class=\"has-medium-font-size\">email: iod_mjo@um.poznan.pl<\/p>\n\n\n\n<p>Dokumenty:<\/p>\n\n\n\n<div class=\"wp-block-file\"><a href=\"http:\/\/www.sp23.com.pl\/wp-content\/uploads\/2023\/01\/1a.pdf\">Klauzula informacyjna \u2013 og\u00f3lna (113kB pdf)<\/a><a href=\"http:\/\/www.sp23.com.pl\/wp-content\/uploads\/2023\/01\/1a.pdf\" class=\"wp-block-file__button wp-element-button\" download>Pobierz<\/a><\/div>\n\n\n\n<div class=\"wp-block-file\"><a href=\"http:\/\/www.sp23.com.pl\/wp-content\/uploads\/2023\/01\/kontrahent.pdf\" target=\"_blank\" rel=\"noreferrer noopener\"> Przetwarzanie danych osobowych dot. kontrahent\u00f3w  (129kB pdf)  <\/a><a href=\"http:\/\/www.sp23.com.pl\/wp-content\/uploads\/2023\/01\/kontrahent.pdf\" class=\"wp-block-file__button wp-element-button\" download>Pobierz<\/a><\/div>\n\n\n\n<div class=\"wp-block-file\"><a href=\"http:\/\/www.sp23.com.pl\/wp-content\/uploads\/2023\/01\/2.pdf\"> Klauzula informacyjna &#8211; monitoring wizyjny   (129kB pdf) <\/a><a href=\"http:\/\/www.sp23.com.pl\/wp-content\/uploads\/2023\/01\/2.pdf\" class=\"wp-block-file__button wp-element-button\" download>Pobierz<\/a><\/div>\n\n\n\n<div class=\"wp-block-file\"><a href=\"http:\/\/www.sp23.com.pl\/wp-content\/uploads\/2023\/01\/3.pdf\"> Upowa\u017cnienie do odbioru dziecka ze szko\u0142y\/\u015bwietlicy   (189kB pdf) <\/a><a href=\"http:\/\/www.sp23.com.pl\/wp-content\/uploads\/2023\/01\/3.pdf\" class=\"wp-block-file__button wp-element-button\" download>Pobierz<\/a><\/div>\n\n\n\n<div class=\"wp-block-file\"><a href=\"http:\/\/www.sp23.com.pl\/wp-content\/uploads\/2021\/10\/4.pdf\">Istotne dane o stanie zdrowia, stosowanej diecie i rozwoju psychofizycznym dziecka  (149kB pdf) <\/a><a href=\"http:\/\/www.sp23.com.pl\/wp-content\/uploads\/2021\/10\/4.pdf\" class=\"wp-block-file__button wp-element-button\" download>Pobierz<\/a><\/div>\n\n\n\n<div class=\"wp-block-file\"><a href=\"http:\/\/www.sp23.com.pl\/wp-content\/uploads\/2023\/01\/5a.pdf\">Zgoda na wykorzystanie danych osobowych dziecka i jego opiekuna prawnego w celach informacyjnych i promocyjnych szko\u0142y  (170kB pdf)<\/a><a href=\"http:\/\/www.sp23.com.pl\/wp-content\/uploads\/2023\/01\/5a.pdf\" class=\"wp-block-file__button wp-element-button\" download>Pobierz<\/a><\/div>\n\n\n\n<div class=\"wp-block-file\"><a href=\"http:\/\/www.sp23.com.pl\/wp-content\/uploads\/2023\/01\/6a.pdf\">Zgoda na wykorzystanie danych osobowych w celach informacyjnych i promocyjnych innym osobom.  (140kB pdf) <\/a><a href=\"http:\/\/www.sp23.com.pl\/wp-content\/uploads\/2023\/01\/6a.pdf\" class=\"wp-block-file__button wp-element-button\" download>Pobierz<\/a><\/div>\n\n\n\n<div class=\"wp-block-file\"><a href=\"http:\/\/www.sp23.com.pl\/wp-content\/uploads\/2021\/10\/6b.pdf\">Zgoda na wykorzystanie danych osobowych w celach informacyjnych i promocyjnych.  (154kB pdf) <\/a><a href=\"http:\/\/www.sp23.com.pl\/wp-content\/uploads\/2021\/10\/6b.pdf\" class=\"wp-block-file__button wp-element-button\" download>Pobierz<\/a><\/div>\n\n\n\n<div class=\"wp-block-file\"><a href=\"http:\/\/www.sp23.com.pl\/wp-content\/uploads\/2023\/01\/7.pdf\">Zgoda na przetwarzanie danych osobowych dziecka spoza jednostki i jego opiekuna prawnego w zwi\u0105zku z organizacj\u0105 konkursu. (204kB pdf) <\/a><a href=\"http:\/\/www.sp23.com.pl\/wp-content\/uploads\/2023\/01\/7.pdf\" class=\"wp-block-file__button wp-element-button\" download>Pobierz<\/a><\/div>\n\n\n\n<p><\/p>\n","protected":false},"excerpt":{"rendered":"<p>Inspektor Ochrony Danych &#8211; p. Katarzyna P\u0119dzich-Nowak email: iod_mjo@um.poznan.pl Zast\u0119pca Inspektora Ochrony Danych &#8211; p. Anna Kwieci\u0144ska email: iod_mjo@um.poznan.pl Dokumenty:<\/p>\n","protected":false},"author":1,"featured_media":0,"parent":0,"menu_order":0,"comment_status":"closed","ping_status":"closed","template":"","meta":{"footnotes":""},"class_list":["post-47","page","type-page","status-publish","hentry"],"_links":{"self":[{"href":"https:\/\/sp23.poznan.pl\/index.php?rest_route=\/wp\/v2\/pages\/47","targetHints":{"allow":["GET"]}}],"collection":[{"href":"https:\/\/sp23.poznan.pl\/index.php?rest_route=\/wp\/v2\/pages"}],"about":[{"href":"https:\/\/sp23.poznan.pl\/index.php?rest_route=\/wp\/v2\/types\/page"}],"author":[{"embeddable":true,"href":"https:\/\/sp23.poznan.pl\/index.php?rest_route=\/wp\/v2\/users\/1"}],"replies":[{"embeddable":true,"href":"https:\/\/sp23.poznan.pl\/index.php?rest_route=%2Fwp%2Fv2%2Fcomments&post=47"}],"version-history":[{"count":8,"href":"https:\/\/sp23.poznan.pl\/index.php?rest_route=\/wp\/v2\/pages\/47\/revisions"}],"predecessor-version":[{"id":2297,"href":"https:\/\/sp23.poznan.pl\/index.php?rest_route=\/wp\/v2\/pages\/47\/revisions\/2297"}],"wp:attachment":[{"href":"https:\/\/sp23.poznan.pl\/index.php?rest_route=%2Fwp%2Fv2%2Fmedia&parent=47"}],"curies":[{"name":"wp","href":"https:\/\/api.w.org\/{rel}","templated":true}]}}