{"id":39,"date":"2021-09-20T18:28:37","date_gmt":"2021-09-20T16:28:37","guid":{"rendered":"http:\/\/www.sp23.com.pl\/?page_id=39"},"modified":"2026-03-20T16:34:11","modified_gmt":"2026-03-20T15:34:11","slug":"pielegniarka-szkolna","status":"publish","type":"page","link":"https:\/\/sp23.poznan.pl\/?page_id=39","title":{"rendered":"Piel\u0119gniarka szkolna"},"content":{"rendered":"\n<p><strong>Gabinet piel\u0119gniarski<\/strong><\/p>\n\n\n\n<p>Telefony z piel\u0119gniark\u0105 \u0142\u0105czy sekretariat.<br>Telefon bezpo\u015bredni:&nbsp;<strong>61 843-07-82<\/strong><br>Telefon kom.&nbsp;<strong>600 825-219<\/strong><\/p>\n\n\n\n<p><strong>Godziny pracy<\/strong><\/p>\n\n\n\n<figure class=\"wp-block-table\"><table><tbody><tr><td><strong>Dzie\u0144 tygodnia<\/strong><\/td><td><strong>Godziny<\/strong><\/td><\/tr><tr><td><strong>Poniedzia\u0142ek<\/strong><\/td><td>7.30 &#8211; 11.30<\/td><\/tr><tr><td><strong>Wtorek<\/strong><\/td><td>&#8212;&#8212;&#8212;-<\/td><\/tr><tr><td><strong>\u015aroda<\/strong><\/td><td>7.3o &#8211; 11.30<\/td><\/tr><tr><td><strong>Czwartek<\/strong><\/td><td>12.00 &#8211; 16.00<\/td><\/tr><tr><td><strong>Pi\u0105tek<\/strong><\/td><td>&#8212;&#8212;&#8212;-<\/td><\/tr><\/tbody><\/table><\/figure>\n","protected":false},"excerpt":{"rendered":"<p>Gabinet piel\u0119gniarski Telefony z piel\u0119gniark\u0105 \u0142\u0105czy sekretariat.Telefon bezpo\u015bredni:&nbsp;61 843-07-82Telefon kom.&nbsp;600 825-219 Godziny pracy Dzie\u0144 tygodnia Godziny Poniedzia\u0142ek 7.30 &#8211; 11.30 Wtorek &#8212;&#8212;&#8212;- \u015aroda 7.3o &#8211; 11.30 Czwartek 12.00 &#8211; 16.00 Pi\u0105tek &#8212;&#8212;&#8212;-<\/p>\n","protected":false},"author":1,"featured_media":0,"parent":33,"menu_order":0,"comment_status":"closed","ping_status":"closed","template":"","meta":{"footnotes":""},"class_list":["post-39","page","type-page","status-publish","hentry"],"_links":{"self":[{"href":"https:\/\/sp23.poznan.pl\/index.php?rest_route=\/wp\/v2\/pages\/39","targetHints":{"allow":["GET"]}}],"collection":[{"href":"https:\/\/sp23.poznan.pl\/index.php?rest_route=\/wp\/v2\/pages"}],"about":[{"href":"https:\/\/sp23.poznan.pl\/index.php?rest_route=\/wp\/v2\/types\/page"}],"author":[{"embeddable":true,"href":"https:\/\/sp23.poznan.pl\/index.php?rest_route=\/wp\/v2\/users\/1"}],"replies":[{"embeddable":true,"href":"https:\/\/sp23.poznan.pl\/index.php?rest_route=%2Fwp%2Fv2%2Fcomments&post=39"}],"version-history":[{"count":7,"href":"https:\/\/sp23.poznan.pl\/index.php?rest_route=\/wp\/v2\/pages\/39\/revisions"}],"predecessor-version":[{"id":2350,"href":"https:\/\/sp23.poznan.pl\/index.php?rest_route=\/wp\/v2\/pages\/39\/revisions\/2350"}],"up":[{"embeddable":true,"href":"https:\/\/sp23.poznan.pl\/index.php?rest_route=\/wp\/v2\/pages\/33"}],"wp:attachment":[{"href":"https:\/\/sp23.poznan.pl\/index.php?rest_route=%2Fwp%2Fv2%2Fmedia&parent=39"}],"curies":[{"name":"wp","href":"https:\/\/api.w.org\/{rel}","templated":true}]}}