{"id":35,"date":"2021-09-20T18:27:17","date_gmt":"2021-09-20T16:27:17","guid":{"rendered":"http:\/\/www.sp23.com.pl\/?page_id=35"},"modified":"2023-09-03T15:08:50","modified_gmt":"2023-09-03T13:08:50","slug":"dyrekcja","status":"publish","type":"page","link":"https:\/\/sp23.poznan.pl\/?page_id=35","title":{"rendered":"Dyrekcja"},"content":{"rendered":"\n<p class=\"has-text-align-center\">Dyrektor Szko\u0142y mgr Marek Pi\u0105tek &#8211; sekretariat@sp23.com.pl<\/p>\n\n\n\n<p class=\"has-text-align-center\">Z-ca Dyrektora Szko\u0142y mgr Lidia Bana\u015b &#8211; sekretariat@sp23.com.pl<\/p>\n","protected":false},"excerpt":{"rendered":"<p>Dyrektor Szko\u0142y mgr Marek Pi\u0105tek &#8211; sekretariat@sp23.com.pl Z-ca Dyrektora Szko\u0142y mgr Lidia Bana\u015b &#8211; sekretariat@sp23.com.pl<\/p>\n","protected":false},"author":1,"featured_media":0,"parent":33,"menu_order":0,"comment_status":"closed","ping_status":"closed","template":"","meta":{"footnotes":""},"class_list":["post-35","page","type-page","status-publish","hentry"],"_links":{"self":[{"href":"https:\/\/sp23.poznan.pl\/index.php?rest_route=\/wp\/v2\/pages\/35","targetHints":{"allow":["GET"]}}],"collection":[{"href":"https:\/\/sp23.poznan.pl\/index.php?rest_route=\/wp\/v2\/pages"}],"about":[{"href":"https:\/\/sp23.poznan.pl\/index.php?rest_route=\/wp\/v2\/types\/page"}],"author":[{"embeddable":true,"href":"https:\/\/sp23.poznan.pl\/index.php?rest_route=\/wp\/v2\/users\/1"}],"replies":[{"embeddable":true,"href":"https:\/\/sp23.poznan.pl\/index.php?rest_route=%2Fwp%2Fv2%2Fcomments&post=35"}],"version-history":[{"count":3,"href":"https:\/\/sp23.poznan.pl\/index.php?rest_route=\/wp\/v2\/pages\/35\/revisions"}],"predecessor-version":[{"id":1567,"href":"https:\/\/sp23.poznan.pl\/index.php?rest_route=\/wp\/v2\/pages\/35\/revisions\/1567"}],"up":[{"embeddable":true,"href":"https:\/\/sp23.poznan.pl\/index.php?rest_route=\/wp\/v2\/pages\/33"}],"wp:attachment":[{"href":"https:\/\/sp23.poznan.pl\/index.php?rest_route=%2Fwp%2Fv2%2Fmedia&parent=35"}],"curies":[{"name":"wp","href":"https:\/\/api.w.org\/{rel}","templated":true}]}}