{"id":322,"date":"2021-10-21T09:21:21","date_gmt":"2021-10-21T07:21:21","guid":{"rendered":"http:\/\/www.sp23.com.pl\/?page_id=322"},"modified":"2026-04-30T14:18:49","modified_gmt":"2026-04-30T12:18:49","slug":"jadlospis","status":"publish","type":"page","link":"https:\/\/sp23.poznan.pl\/?page_id=322","title":{"rendered":"Jad\u0142ospis"},"content":{"rendered":"\n<p><span style=\"background-color:rgba(0, 0, 0, 0)\" class=\"has-inline-color has-light-green-cyan-color\">Serdecznie wit<\/span><span style=\"background-color:rgba(0, 0, 0, 0)\" class=\"has-inline-color has-vivid-green-cyan-color\">amy i na pyszne posi\u0142ki zapraszamy\u2026<\/span><\/p>\n\n\n\n<div data-wp-interactive=\"core\/file\" class=\"wp-block-file\"><object data-wp-bind--hidden=\"!state.hasPdfPreview\" hidden class=\"wp-block-file__embed\" data=\"https:\/\/sp23.poznan.pl\/wp-content\/uploads\/2026\/04\/2026.05.4-Jadlospis-Szkola.pdf\" type=\"application\/pdf\" style=\"width:100%;height:600px\" aria-label=\"Osadzone z 2026.05.4 Jad\u0142ospis Szko\u0142a [pdf 52kB].\"><\/object><a id=\"wp-block-file--media-5a6d72c9-ec40-46bf-a57e-feae8cf2ff3f\" href=\"https:\/\/sp23.poznan.pl\/wp-content\/uploads\/2026\/04\/2026.05.4-Jadlospis-Szkola.pdf\">2026.05.4 Jad\u0142ospis Szko\u0142a [pdf 52kB]<\/a><a href=\"https:\/\/sp23.poznan.pl\/wp-content\/uploads\/2026\/04\/2026.05.4-Jadlospis-Szkola.pdf\" class=\"wp-block-file__button wp-element-button\" download aria-describedby=\"wp-block-file--media-5a6d72c9-ec40-46bf-a57e-feae8cf2ff3f\">Pobierz<\/a><\/div>\n\n\n\n<div data-wp-interactive=\"core\/file\" class=\"wp-block-file\"><object data-wp-bind--hidden=\"!state.hasPdfPreview\" hidden class=\"wp-block-file__embed\" data=\"https:\/\/sp23.poznan.pl\/wp-content\/uploads\/2026\/04\/miesieczne-platnosci.docx.pdf\" type=\"application\/pdf\" style=\"width:100%;height:600px\" aria-label=\"Osadzone z miesi\u0119czne p\u0142atno\u015bci [pdf 75kB].\"><\/object><a id=\"wp-block-file--media-a0ea6ec6-edf4-4f14-8253-9e8cdf65762d\" href=\"https:\/\/sp23.poznan.pl\/wp-content\/uploads\/2026\/04\/miesieczne-platnosci.docx.pdf\">miesi\u0119czne p\u0142atno\u015bci [pdf 75kB]<\/a><a href=\"https:\/\/sp23.poznan.pl\/wp-content\/uploads\/2026\/04\/miesieczne-platnosci.docx.pdf\" class=\"wp-block-file__button wp-element-button\" download aria-describedby=\"wp-block-file--media-a0ea6ec6-edf4-4f14-8253-9e8cdf65762d\">Pobierz<\/a><\/div>\n\n\n\n<hr class=\"wp-block-separator has-css-opacity\"\/>\n\n\n\n<p><\/p>\n\n\n\n<div data-wp-interactive=\"core\/file\" class=\"wp-block-file\"><object data-wp-bind--hidden=\"!state.hasPdfPreview\" hidden class=\"wp-block-file__embed\" data=\"https:\/\/www.sp23.com.pl\/wp-content\/uploads\/2025\/09\/SZANOWNI-RODZICE.pdf\" type=\"application\/pdf\" style=\"width:100%;height:704px\" aria-label=\"Osadzone z SZANOWNI RODZICE [pdf 109kB] .\"><\/object><a id=\"wp-block-file--media-fe4b8eb5-debe-49cd-880d-04a46a68ac26\" href=\"https:\/\/www.sp23.com.pl\/wp-content\/uploads\/2025\/09\/SZANOWNI-RODZICE.pdf\">SZANOWNI RODZICE [pdf 109kB] <\/a><a href=\"https:\/\/www.sp23.com.pl\/wp-content\/uploads\/2025\/09\/SZANOWNI-RODZICE.pdf\" class=\"wp-block-file__button wp-element-button\" download aria-describedby=\"wp-block-file--media-fe4b8eb5-debe-49cd-880d-04a46a68ac26\">Pobierz<\/a><\/div>\n\n\n\n<p><strong>Kontakt do Pani Dominiki Moch z firmy Cateringowej 501-775-005<\/strong><\/p>\n\n\n\n<p><strong>Regulamin op\u0142at za posi\u0142ki:<\/strong><\/p>\n\n\n\n<div class=\"wp-block-file\"><a id=\"wp-block-file--media-65ed2c20-ac0a-4250-8ca7-ec0db427f544\" href=\"http:\/\/www.sp23.com.pl\/wp-content\/uploads\/2023\/09\/Regulamin-oplat-za-posilki-2019-SP23.pdf\">Regulamin-oplat-za-posilki-SP23 [PDF 67kB]<\/a><a href=\"http:\/\/www.sp23.com.pl\/wp-content\/uploads\/2023\/09\/Regulamin-oplat-za-posilki-2019-SP23.pdf\" class=\"wp-block-file__button wp-element-button\" download aria-describedby=\"wp-block-file--media-65ed2c20-ac0a-4250-8ca7-ec0db427f544\">Pobierz<\/a><\/div>\n\n\n\n<div class=\"wp-block-file\"><a id=\"wp-block-file--media-26f48eb0-c9b6-42a5-a6e2-05205552864c\" href=\"https:\/\/www.sp23.com.pl\/wp-content\/uploads\/2024\/09\/Zgloszenie_2023_2024-3.pdf\">Zgloszenie_2023_2024 [PDF 157kB]<\/a><a href=\"https:\/\/www.sp23.com.pl\/wp-content\/uploads\/2024\/09\/Zgloszenie_2023_2024-3.pdf\" class=\"wp-block-file__button wp-element-button\" download aria-describedby=\"wp-block-file--media-26f48eb0-c9b6-42a5-a6e2-05205552864c\">Pobierz<\/a><\/div>\n","protected":false},"excerpt":{"rendered":"<p>Serdecznie witamy i na pyszne posi\u0142ki zapraszamy\u2026 Kontakt do Pani Dominiki Moch z firmy Cateringowej 501-775-005 Regulamin op\u0142at za posi\u0142ki:<\/p>\n","protected":false},"author":1,"featured_media":0,"parent":0,"menu_order":0,"comment_status":"closed","ping_status":"closed","template":"","meta":{"footnotes":""},"class_list":["post-322","page","type-page","status-publish","hentry"],"_links":{"self":[{"href":"https:\/\/sp23.poznan.pl\/index.php?rest_route=\/wp\/v2\/pages\/322","targetHints":{"allow":["GET"]}}],"collection":[{"href":"https:\/\/sp23.poznan.pl\/index.php?rest_route=\/wp\/v2\/pages"}],"about":[{"href":"https:\/\/sp23.poznan.pl\/index.php?rest_route=\/wp\/v2\/types\/page"}],"author":[{"embeddable":true,"href":"https:\/\/sp23.poznan.pl\/index.php?rest_route=\/wp\/v2\/users\/1"}],"replies":[{"embeddable":true,"href":"https:\/\/sp23.poznan.pl\/index.php?rest_route=%2Fwp%2Fv2%2Fcomments&post=322"}],"version-history":[{"count":168,"href":"https:\/\/sp23.poznan.pl\/index.php?rest_route=\/wp\/v2\/pages\/322\/revisions"}],"predecessor-version":[{"id":2403,"href":"https:\/\/sp23.poznan.pl\/index.php?rest_route=\/wp\/v2\/pages\/322\/revisions\/2403"}],"wp:attachment":[{"href":"https:\/\/sp23.poznan.pl\/index.php?rest_route=%2Fwp%2Fv2%2Fmedia&parent=322"}],"curies":[{"name":"wp","href":"https:\/\/api.w.org\/{rel}","templated":true}]}}