{"id":25,"date":"2021-09-20T18:23:12","date_gmt":"2021-09-20T16:23:12","guid":{"rendered":"http:\/\/www.sp23.com.pl\/?page_id=25"},"modified":"2023-03-23T17:11:59","modified_gmt":"2023-03-23T16:11:59","slug":"wolontariat","status":"publish","type":"page","link":"https:\/\/sp23.poznan.pl\/?page_id=25","title":{"rendered":"Szkolne Ko\u0142o Wolontariatu"},"content":{"rendered":"\n<p>Szkolne Ko\u0142o Wolontariatu powsta\u0142o w celu rozwini\u0119cia postawy bezinteresownej i dobrowolnej pomocy w\u015br\u00f3d uczni\u00f3w.&nbsp;<\/p>\n\n\n\n<p>Od kilku lat ch\u0119tni uczniowie z klas VII i VIII organizuj\u0105 zbi\u00f3rki, poznaj\u0105 fundacje dzia\u0142aj\u0105ce na rzecz innych potrzebuj\u0105cych, uczestnicz\u0105&nbsp; w akcjach u\u015bwiadamiaj\u0105cych warto\u015b\u0107 pomagania.&nbsp;<\/p>\n\n\n\n<p>Przyk\u0142adowe akcje:&nbsp;<\/p>\n\n\n\n<p>&#8211; zbi\u00f3rka artyku\u0142\u00f3w medycznych i higienicznych dla Fundacji Redemptoris Missio,<\/p>\n\n\n\n<p>&#8211; zbi\u00f3rka karmy dla ps\u00f3w, kot\u00f3w i je\u017cy ze schroniska dla zwierz\u0105t,&nbsp;<\/p>\n\n\n\n<p>&#8211; aktywny udzia\u0142 w Dniu Motyla u\u015bwiadamiaj\u0105cego potrzeb\u0119 pomocy paliatywnej,<\/p>\n\n\n\n<p>&#8211; coroczny udzia\u0142 jako wolontariusze w Wielkiej Orkiestrze \u015awi\u0105tecznej Pomocy (WO\u015aP),<\/p>\n\n\n\n<p>&#8211; odwiedziny i pomoc w dziennych o\u015brodkach pomocy dla os\u00f3b starszych.\u00a0\u00a0<\/p>\n\n\n\n<figure class=\"wp-block-gallery columns-8 is-cropped wp-block-gallery-1 is-layout-flex wp-block-gallery-is-layout-flex\"><ul class=\"blocks-gallery-grid\"><li class=\"blocks-gallery-item\"><figure><a href=\"http:\/\/www.sp23.com.pl\/wp-content\/uploads\/2023\/03\/20211125_123750-scaled.jpg\"><img fetchpriority=\"high\" decoding=\"async\" width=\"1024\" height=\"576\" src=\"http:\/\/www.sp23.com.pl\/wp-content\/uploads\/2023\/03\/20211125_123750-1024x576.jpg\" alt=\"\" data-id=\"1397\" data-full-url=\"http:\/\/www.sp23.com.pl\/wp-content\/uploads\/2023\/03\/20211125_123750-scaled.jpg\" data-link=\"http:\/\/www.sp23.com.pl\/?attachment_id=1397\" class=\"wp-image-1397\" srcset=\"https:\/\/sp23.poznan.pl\/wp-content\/uploads\/2023\/03\/20211125_123750-1024x576.jpg 1024w, https:\/\/sp23.poznan.pl\/wp-content\/uploads\/2023\/03\/20211125_123750-300x169.jpg 300w, https:\/\/sp23.poznan.pl\/wp-content\/uploads\/2023\/03\/20211125_123750-768x432.jpg 768w, https:\/\/sp23.poznan.pl\/wp-content\/uploads\/2023\/03\/20211125_123750-1536x864.jpg 1536w, https:\/\/sp23.poznan.pl\/wp-content\/uploads\/2023\/03\/20211125_123750-2048x1152.jpg 2048w\" sizes=\"(max-width: 1024px) 100vw, 1024px\" \/><\/a><\/figure><\/li><li class=\"blocks-gallery-item\"><figure><a href=\"http:\/\/www.sp23.com.pl\/wp-content\/uploads\/2023\/03\/20211126_161732-scaled.jpg\"><img decoding=\"async\" width=\"1024\" height=\"576\" src=\"http:\/\/www.sp23.com.pl\/wp-content\/uploads\/2023\/03\/20211126_161732-1024x576.jpg\" alt=\"\" data-id=\"1398\" data-full-url=\"http:\/\/www.sp23.com.pl\/wp-content\/uploads\/2023\/03\/20211126_161732-scaled.jpg\" data-link=\"http:\/\/www.sp23.com.pl\/?attachment_id=1398\" class=\"wp-image-1398\" srcset=\"https:\/\/sp23.poznan.pl\/wp-content\/uploads\/2023\/03\/20211126_161732-1024x576.jpg 1024w, https:\/\/sp23.poznan.pl\/wp-content\/uploads\/2023\/03\/20211126_161732-300x169.jpg 300w, https:\/\/sp23.poznan.pl\/wp-content\/uploads\/2023\/03\/20211126_161732-768x432.jpg 768w, https:\/\/sp23.poznan.pl\/wp-content\/uploads\/2023\/03\/20211126_161732-1536x864.jpg 1536w, https:\/\/sp23.poznan.pl\/wp-content\/uploads\/2023\/03\/20211126_161732-2048x1152.jpg 2048w\" sizes=\"(max-width: 1024px) 100vw, 1024px\" \/><\/a><\/figure><\/li><li class=\"blocks-gallery-item\"><figure><a href=\"http:\/\/www.sp23.com.pl\/wp-content\/uploads\/2023\/03\/20211126_163157-scaled.jpg\"><img decoding=\"async\" width=\"1024\" height=\"576\" src=\"http:\/\/www.sp23.com.pl\/wp-content\/uploads\/2023\/03\/20211126_163157-1024x576.jpg\" alt=\"\" data-id=\"1399\" data-full-url=\"http:\/\/www.sp23.com.pl\/wp-content\/uploads\/2023\/03\/20211126_163157-scaled.jpg\" data-link=\"http:\/\/www.sp23.com.pl\/?attachment_id=1399\" class=\"wp-image-1399\" srcset=\"https:\/\/sp23.poznan.pl\/wp-content\/uploads\/2023\/03\/20211126_163157-1024x576.jpg 1024w, https:\/\/sp23.poznan.pl\/wp-content\/uploads\/2023\/03\/20211126_163157-300x169.jpg 300w, https:\/\/sp23.poznan.pl\/wp-content\/uploads\/2023\/03\/20211126_163157-768x432.jpg 768w, https:\/\/sp23.poznan.pl\/wp-content\/uploads\/2023\/03\/20211126_163157-1536x864.jpg 1536w, https:\/\/sp23.poznan.pl\/wp-content\/uploads\/2023\/03\/20211126_163157-2048x1152.jpg 2048w\" sizes=\"(max-width: 1024px) 100vw, 1024px\" \/><\/a><\/figure><\/li><li class=\"blocks-gallery-item\"><figure><a href=\"http:\/\/www.sp23.com.pl\/wp-content\/uploads\/2023\/03\/20211126_163604-scaled.jpg\"><img loading=\"lazy\" decoding=\"async\" width=\"576\" height=\"1024\" src=\"http:\/\/www.sp23.com.pl\/wp-content\/uploads\/2023\/03\/20211126_163604-576x1024.jpg\" alt=\"\" data-id=\"1400\" data-full-url=\"http:\/\/www.sp23.com.pl\/wp-content\/uploads\/2023\/03\/20211126_163604-scaled.jpg\" data-link=\"http:\/\/www.sp23.com.pl\/?attachment_id=1400\" class=\"wp-image-1400\" srcset=\"https:\/\/sp23.poznan.pl\/wp-content\/uploads\/2023\/03\/20211126_163604-576x1024.jpg 576w, https:\/\/sp23.poznan.pl\/wp-content\/uploads\/2023\/03\/20211126_163604-169x300.jpg 169w, https:\/\/sp23.poznan.pl\/wp-content\/uploads\/2023\/03\/20211126_163604-768x1365.jpg 768w, https:\/\/sp23.poznan.pl\/wp-content\/uploads\/2023\/03\/20211126_163604-864x1536.jpg 864w, https:\/\/sp23.poznan.pl\/wp-content\/uploads\/2023\/03\/20211126_163604-1152x2048.jpg 1152w, https:\/\/sp23.poznan.pl\/wp-content\/uploads\/2023\/03\/20211126_163604-scaled.jpg 1440w\" sizes=\"(max-width: 576px) 100vw, 576px\" \/><\/a><\/figure><\/li><li class=\"blocks-gallery-item\"><figure><a href=\"http:\/\/www.sp23.com.pl\/wp-content\/uploads\/2023\/03\/20211129_124359-scaled.jpg\"><img loading=\"lazy\" decoding=\"async\" width=\"1024\" height=\"576\" src=\"http:\/\/www.sp23.com.pl\/wp-content\/uploads\/2023\/03\/20211129_124359-1024x576.jpg\" alt=\"\" data-id=\"1401\" data-full-url=\"http:\/\/www.sp23.com.pl\/wp-content\/uploads\/2023\/03\/20211129_124359-scaled.jpg\" data-link=\"http:\/\/www.sp23.com.pl\/?attachment_id=1401\" class=\"wp-image-1401\" srcset=\"https:\/\/sp23.poznan.pl\/wp-content\/uploads\/2023\/03\/20211129_124359-1024x576.jpg 1024w, https:\/\/sp23.poznan.pl\/wp-content\/uploads\/2023\/03\/20211129_124359-300x169.jpg 300w, https:\/\/sp23.poznan.pl\/wp-content\/uploads\/2023\/03\/20211129_124359-768x432.jpg 768w, https:\/\/sp23.poznan.pl\/wp-content\/uploads\/2023\/03\/20211129_124359-1536x864.jpg 1536w, https:\/\/sp23.poznan.pl\/wp-content\/uploads\/2023\/03\/20211129_124359-2048x1152.jpg 2048w\" sizes=\"(max-width: 1024px) 100vw, 1024px\" \/><\/a><\/figure><\/li><li class=\"blocks-gallery-item\"><figure><a href=\"http:\/\/www.sp23.com.pl\/wp-content\/uploads\/2023\/03\/20211206_113813-scaled.jpg\"><img loading=\"lazy\" decoding=\"async\" width=\"1024\" height=\"576\" src=\"http:\/\/www.sp23.com.pl\/wp-content\/uploads\/2023\/03\/20211206_113813-1024x576.jpg\" alt=\"\" data-id=\"1402\" data-full-url=\"http:\/\/www.sp23.com.pl\/wp-content\/uploads\/2023\/03\/20211206_113813-scaled.jpg\" data-link=\"http:\/\/www.sp23.com.pl\/?attachment_id=1402\" class=\"wp-image-1402\" srcset=\"https:\/\/sp23.poznan.pl\/wp-content\/uploads\/2023\/03\/20211206_113813-1024x576.jpg 1024w, https:\/\/sp23.poznan.pl\/wp-content\/uploads\/2023\/03\/20211206_113813-300x169.jpg 300w, https:\/\/sp23.poznan.pl\/wp-content\/uploads\/2023\/03\/20211206_113813-768x432.jpg 768w, https:\/\/sp23.poznan.pl\/wp-content\/uploads\/2023\/03\/20211206_113813-1536x864.jpg 1536w, https:\/\/sp23.poznan.pl\/wp-content\/uploads\/2023\/03\/20211206_113813-2048x1152.jpg 2048w\" sizes=\"(max-width: 1024px) 100vw, 1024px\" \/><\/a><\/figure><\/li><li class=\"blocks-gallery-item\"><figure><a href=\"http:\/\/www.sp23.com.pl\/wp-content\/uploads\/2023\/03\/20220321_095723-scaled.jpg\"><img loading=\"lazy\" decoding=\"async\" width=\"1024\" height=\"576\" src=\"http:\/\/www.sp23.com.pl\/wp-content\/uploads\/2023\/03\/20220321_095723-1024x576.jpg\" alt=\"\" data-id=\"1403\" data-full-url=\"http:\/\/www.sp23.com.pl\/wp-content\/uploads\/2023\/03\/20220321_095723-scaled.jpg\" data-link=\"http:\/\/www.sp23.com.pl\/?attachment_id=1403\" class=\"wp-image-1403\" srcset=\"https:\/\/sp23.poznan.pl\/wp-content\/uploads\/2023\/03\/20220321_095723-1024x576.jpg 1024w, https:\/\/sp23.poznan.pl\/wp-content\/uploads\/2023\/03\/20220321_095723-300x169.jpg 300w, https:\/\/sp23.poznan.pl\/wp-content\/uploads\/2023\/03\/20220321_095723-768x432.jpg 768w, https:\/\/sp23.poznan.pl\/wp-content\/uploads\/2023\/03\/20220321_095723-1536x864.jpg 1536w, https:\/\/sp23.poznan.pl\/wp-content\/uploads\/2023\/03\/20220321_095723-2048x1152.jpg 2048w\" sizes=\"(max-width: 1024px) 100vw, 1024px\" \/><\/a><\/figure><\/li><li class=\"blocks-gallery-item\"><figure><a href=\"http:\/\/www.sp23.com.pl\/wp-content\/uploads\/2023\/03\/20220321_095740-scaled.jpg\"><img loading=\"lazy\" decoding=\"async\" width=\"1024\" height=\"576\" src=\"http:\/\/www.sp23.com.pl\/wp-content\/uploads\/2023\/03\/20220321_095740-1024x576.jpg\" alt=\"\" data-id=\"1404\" data-full-url=\"http:\/\/www.sp23.com.pl\/wp-content\/uploads\/2023\/03\/20220321_095740-scaled.jpg\" data-link=\"http:\/\/www.sp23.com.pl\/?attachment_id=1404\" class=\"wp-image-1404\" srcset=\"https:\/\/sp23.poznan.pl\/wp-content\/uploads\/2023\/03\/20220321_095740-1024x576.jpg 1024w, https:\/\/sp23.poznan.pl\/wp-content\/uploads\/2023\/03\/20220321_095740-300x169.jpg 300w, https:\/\/sp23.poznan.pl\/wp-content\/uploads\/2023\/03\/20220321_095740-768x432.jpg 768w, https:\/\/sp23.poznan.pl\/wp-content\/uploads\/2023\/03\/20220321_095740-1536x864.jpg 1536w, https:\/\/sp23.poznan.pl\/wp-content\/uploads\/2023\/03\/20220321_095740-2048x1152.jpg 2048w\" sizes=\"(max-width: 1024px) 100vw, 1024px\" \/><\/a><\/figure><\/li><li class=\"blocks-gallery-item\"><figure><a href=\"http:\/\/www.sp23.com.pl\/wp-content\/uploads\/2023\/03\/20220321_095955-scaled.jpg\"><img loading=\"lazy\" decoding=\"async\" width=\"1024\" height=\"576\" src=\"http:\/\/www.sp23.com.pl\/wp-content\/uploads\/2023\/03\/20220321_095955-1024x576.jpg\" alt=\"\" data-id=\"1405\" data-full-url=\"http:\/\/www.sp23.com.pl\/wp-content\/uploads\/2023\/03\/20220321_095955-scaled.jpg\" data-link=\"http:\/\/www.sp23.com.pl\/?attachment_id=1405\" class=\"wp-image-1405\" srcset=\"https:\/\/sp23.poznan.pl\/wp-content\/uploads\/2023\/03\/20220321_095955-1024x576.jpg 1024w, https:\/\/sp23.poznan.pl\/wp-content\/uploads\/2023\/03\/20220321_095955-300x169.jpg 300w, https:\/\/sp23.poznan.pl\/wp-content\/uploads\/2023\/03\/20220321_095955-768x432.jpg 768w, https:\/\/sp23.poznan.pl\/wp-content\/uploads\/2023\/03\/20220321_095955-1536x864.jpg 1536w, https:\/\/sp23.poznan.pl\/wp-content\/uploads\/2023\/03\/20220321_095955-2048x1152.jpg 2048w\" sizes=\"(max-width: 1024px) 100vw, 1024px\" \/><\/a><\/figure><\/li><li class=\"blocks-gallery-item\"><figure><a href=\"http:\/\/www.sp23.com.pl\/wp-content\/uploads\/2023\/03\/20220321_100152-scaled.jpg\"><img loading=\"lazy\" decoding=\"async\" width=\"1024\" height=\"576\" src=\"http:\/\/www.sp23.com.pl\/wp-content\/uploads\/2023\/03\/20220321_100152-1024x576.jpg\" alt=\"\" data-id=\"1406\" data-full-url=\"http:\/\/www.sp23.com.pl\/wp-content\/uploads\/2023\/03\/20220321_100152-scaled.jpg\" data-link=\"http:\/\/www.sp23.com.pl\/?attachment_id=1406\" class=\"wp-image-1406\" srcset=\"https:\/\/sp23.poznan.pl\/wp-content\/uploads\/2023\/03\/20220321_100152-1024x576.jpg 1024w, https:\/\/sp23.poznan.pl\/wp-content\/uploads\/2023\/03\/20220321_100152-300x169.jpg 300w, https:\/\/sp23.poznan.pl\/wp-content\/uploads\/2023\/03\/20220321_100152-768x432.jpg 768w, https:\/\/sp23.poznan.pl\/wp-content\/uploads\/2023\/03\/20220321_100152-1536x864.jpg 1536w, https:\/\/sp23.poznan.pl\/wp-content\/uploads\/2023\/03\/20220321_100152-2048x1152.jpg 2048w\" sizes=\"(max-width: 1024px) 100vw, 1024px\" \/><\/a><\/figure><\/li><li class=\"blocks-gallery-item\"><figure><a href=\"http:\/\/www.sp23.com.pl\/wp-content\/uploads\/2023\/03\/20220321_102814-scaled.jpg\"><img loading=\"lazy\" decoding=\"async\" width=\"1024\" height=\"576\" src=\"http:\/\/www.sp23.com.pl\/wp-content\/uploads\/2023\/03\/20220321_102814-1024x576.jpg\" alt=\"\" data-id=\"1407\" data-full-url=\"http:\/\/www.sp23.com.pl\/wp-content\/uploads\/2023\/03\/20220321_102814-scaled.jpg\" data-link=\"http:\/\/www.sp23.com.pl\/?attachment_id=1407\" class=\"wp-image-1407\" srcset=\"https:\/\/sp23.poznan.pl\/wp-content\/uploads\/2023\/03\/20220321_102814-1024x576.jpg 1024w, https:\/\/sp23.poznan.pl\/wp-content\/uploads\/2023\/03\/20220321_102814-300x169.jpg 300w, https:\/\/sp23.poznan.pl\/wp-content\/uploads\/2023\/03\/20220321_102814-768x432.jpg 768w, https:\/\/sp23.poznan.pl\/wp-content\/uploads\/2023\/03\/20220321_102814-1536x864.jpg 1536w, https:\/\/sp23.poznan.pl\/wp-content\/uploads\/2023\/03\/20220321_102814-2048x1152.jpg 2048w\" sizes=\"(max-width: 1024px) 100vw, 1024px\" \/><\/a><\/figure><\/li><li class=\"blocks-gallery-item\"><figure><a href=\"http:\/\/www.sp23.com.pl\/wp-content\/uploads\/2023\/03\/20220321_104941-scaled.jpg\"><img loading=\"lazy\" decoding=\"async\" width=\"1024\" height=\"576\" src=\"http:\/\/www.sp23.com.pl\/wp-content\/uploads\/2023\/03\/20220321_104941-1024x576.jpg\" alt=\"\" data-id=\"1408\" data-full-url=\"http:\/\/www.sp23.com.pl\/wp-content\/uploads\/2023\/03\/20220321_104941-scaled.jpg\" data-link=\"http:\/\/www.sp23.com.pl\/?attachment_id=1408\" class=\"wp-image-1408\" srcset=\"https:\/\/sp23.poznan.pl\/wp-content\/uploads\/2023\/03\/20220321_104941-1024x576.jpg 1024w, https:\/\/sp23.poznan.pl\/wp-content\/uploads\/2023\/03\/20220321_104941-300x169.jpg 300w, https:\/\/sp23.poznan.pl\/wp-content\/uploads\/2023\/03\/20220321_104941-768x432.jpg 768w, https:\/\/sp23.poznan.pl\/wp-content\/uploads\/2023\/03\/20220321_104941-1536x864.jpg 1536w, https:\/\/sp23.poznan.pl\/wp-content\/uploads\/2023\/03\/20220321_104941-2048x1152.jpg 2048w\" sizes=\"(max-width: 1024px) 100vw, 1024px\" \/><\/a><\/figure><\/li><li class=\"blocks-gallery-item\"><figure><a href=\"http:\/\/www.sp23.com.pl\/wp-content\/uploads\/2023\/03\/20220321_110351-scaled.jpg\"><img loading=\"lazy\" decoding=\"async\" width=\"1024\" height=\"576\" src=\"http:\/\/www.sp23.com.pl\/wp-content\/uploads\/2023\/03\/20220321_110351-1024x576.jpg\" alt=\"\" data-id=\"1409\" data-full-url=\"http:\/\/www.sp23.com.pl\/wp-content\/uploads\/2023\/03\/20220321_110351-scaled.jpg\" data-link=\"http:\/\/www.sp23.com.pl\/?attachment_id=1409\" class=\"wp-image-1409\" srcset=\"https:\/\/sp23.poznan.pl\/wp-content\/uploads\/2023\/03\/20220321_110351-1024x576.jpg 1024w, https:\/\/sp23.poznan.pl\/wp-content\/uploads\/2023\/03\/20220321_110351-300x169.jpg 300w, https:\/\/sp23.poznan.pl\/wp-content\/uploads\/2023\/03\/20220321_110351-768x432.jpg 768w, https:\/\/sp23.poznan.pl\/wp-content\/uploads\/2023\/03\/20220321_110351-1536x864.jpg 1536w, https:\/\/sp23.poznan.pl\/wp-content\/uploads\/2023\/03\/20220321_110351-2048x1152.jpg 2048w\" sizes=\"(max-width: 1024px) 100vw, 1024px\" \/><\/a><\/figure><\/li><li class=\"blocks-gallery-item\"><figure><a href=\"http:\/\/www.sp23.com.pl\/wp-content\/uploads\/2023\/03\/20221205_123457-scaled.jpg\"><img loading=\"lazy\" decoding=\"async\" width=\"1024\" height=\"576\" src=\"http:\/\/www.sp23.com.pl\/wp-content\/uploads\/2023\/03\/20221205_123457-1024x576.jpg\" alt=\"\" data-id=\"1410\" data-full-url=\"http:\/\/www.sp23.com.pl\/wp-content\/uploads\/2023\/03\/20221205_123457-scaled.jpg\" data-link=\"http:\/\/www.sp23.com.pl\/?attachment_id=1410\" class=\"wp-image-1410\" srcset=\"https:\/\/sp23.poznan.pl\/wp-content\/uploads\/2023\/03\/20221205_123457-1024x576.jpg 1024w, https:\/\/sp23.poznan.pl\/wp-content\/uploads\/2023\/03\/20221205_123457-300x169.jpg 300w, https:\/\/sp23.poznan.pl\/wp-content\/uploads\/2023\/03\/20221205_123457-768x432.jpg 768w, https:\/\/sp23.poznan.pl\/wp-content\/uploads\/2023\/03\/20221205_123457-1536x864.jpg 1536w, https:\/\/sp23.poznan.pl\/wp-content\/uploads\/2023\/03\/20221205_123457-2048x1152.jpg 2048w\" sizes=\"(max-width: 1024px) 100vw, 1024px\" \/><\/a><\/figure><\/li><li class=\"blocks-gallery-item\"><figure><a href=\"http:\/\/www.sp23.com.pl\/wp-content\/uploads\/2023\/03\/20221205_123537-scaled.jpg\"><img loading=\"lazy\" decoding=\"async\" width=\"1024\" height=\"576\" src=\"http:\/\/www.sp23.com.pl\/wp-content\/uploads\/2023\/03\/20221205_123537-1024x576.jpg\" alt=\"\" data-id=\"1411\" data-full-url=\"http:\/\/www.sp23.com.pl\/wp-content\/uploads\/2023\/03\/20221205_123537-scaled.jpg\" data-link=\"http:\/\/www.sp23.com.pl\/?attachment_id=1411\" class=\"wp-image-1411\" srcset=\"https:\/\/sp23.poznan.pl\/wp-content\/uploads\/2023\/03\/20221205_123537-1024x576.jpg 1024w, https:\/\/sp23.poznan.pl\/wp-content\/uploads\/2023\/03\/20221205_123537-300x169.jpg 300w, https:\/\/sp23.poznan.pl\/wp-content\/uploads\/2023\/03\/20221205_123537-768x432.jpg 768w, https:\/\/sp23.poznan.pl\/wp-content\/uploads\/2023\/03\/20221205_123537-1536x864.jpg 1536w, https:\/\/sp23.poznan.pl\/wp-content\/uploads\/2023\/03\/20221205_123537-2048x1152.jpg 2048w\" sizes=\"(max-width: 1024px) 100vw, 1024px\" \/><\/a><\/figure><\/li><li class=\"blocks-gallery-item\"><figure><a href=\"http:\/\/www.sp23.com.pl\/wp-content\/uploads\/2023\/03\/20230321_094858-scaled.jpg\"><img loading=\"lazy\" decoding=\"async\" width=\"1024\" height=\"576\" src=\"http:\/\/www.sp23.com.pl\/wp-content\/uploads\/2023\/03\/20230321_094858-1024x576.jpg\" alt=\"\" data-id=\"1412\" data-full-url=\"http:\/\/www.sp23.com.pl\/wp-content\/uploads\/2023\/03\/20230321_094858-scaled.jpg\" data-link=\"http:\/\/www.sp23.com.pl\/?attachment_id=1412\" class=\"wp-image-1412\" srcset=\"https:\/\/sp23.poznan.pl\/wp-content\/uploads\/2023\/03\/20230321_094858-1024x576.jpg 1024w, https:\/\/sp23.poznan.pl\/wp-content\/uploads\/2023\/03\/20230321_094858-300x169.jpg 300w, https:\/\/sp23.poznan.pl\/wp-content\/uploads\/2023\/03\/20230321_094858-768x432.jpg 768w, https:\/\/sp23.poznan.pl\/wp-content\/uploads\/2023\/03\/20230321_094858-1536x864.jpg 1536w, https:\/\/sp23.poznan.pl\/wp-content\/uploads\/2023\/03\/20230321_094858-2048x1152.jpg 2048w\" sizes=\"(max-width: 1024px) 100vw, 1024px\" \/><\/a><\/figure><\/li><li class=\"blocks-gallery-item\"><figure><a href=\"http:\/\/www.sp23.com.pl\/wp-content\/uploads\/2023\/03\/20230321_095914-scaled.jpg\"><img loading=\"lazy\" decoding=\"async\" width=\"1024\" height=\"576\" src=\"http:\/\/www.sp23.com.pl\/wp-content\/uploads\/2023\/03\/20230321_095914-1024x576.jpg\" alt=\"\" data-id=\"1413\" data-full-url=\"http:\/\/www.sp23.com.pl\/wp-content\/uploads\/2023\/03\/20230321_095914-scaled.jpg\" data-link=\"http:\/\/www.sp23.com.pl\/?attachment_id=1413\" class=\"wp-image-1413\" srcset=\"https:\/\/sp23.poznan.pl\/wp-content\/uploads\/2023\/03\/20230321_095914-1024x576.jpg 1024w, https:\/\/sp23.poznan.pl\/wp-content\/uploads\/2023\/03\/20230321_095914-300x169.jpg 300w, https:\/\/sp23.poznan.pl\/wp-content\/uploads\/2023\/03\/20230321_095914-768x432.jpg 768w, https:\/\/sp23.poznan.pl\/wp-content\/uploads\/2023\/03\/20230321_095914-1536x864.jpg 1536w, https:\/\/sp23.poznan.pl\/wp-content\/uploads\/2023\/03\/20230321_095914-2048x1152.jpg 2048w\" sizes=\"(max-width: 1024px) 100vw, 1024px\" \/><\/a><\/figure><\/li><li class=\"blocks-gallery-item\"><figure><a href=\"http:\/\/www.sp23.com.pl\/wp-content\/uploads\/2023\/03\/272338358_1277821369406862_4332907708557351544_n.jpg\"><img loading=\"lazy\" decoding=\"async\" width=\"480\" height=\"640\" src=\"http:\/\/www.sp23.com.pl\/wp-content\/uploads\/2023\/03\/272338358_1277821369406862_4332907708557351544_n.jpg\" alt=\"\" data-id=\"1414\" data-full-url=\"http:\/\/www.sp23.com.pl\/wp-content\/uploads\/2023\/03\/272338358_1277821369406862_4332907708557351544_n.jpg\" data-link=\"http:\/\/www.sp23.com.pl\/?attachment_id=1414\" class=\"wp-image-1414\" srcset=\"https:\/\/sp23.poznan.pl\/wp-content\/uploads\/2023\/03\/272338358_1277821369406862_4332907708557351544_n.jpg 480w, https:\/\/sp23.poznan.pl\/wp-content\/uploads\/2023\/03\/272338358_1277821369406862_4332907708557351544_n-225x300.jpg 225w\" sizes=\"(max-width: 480px) 100vw, 480px\" \/><\/a><\/figure><\/li><li class=\"blocks-gallery-item\"><figure><a href=\"http:\/\/www.sp23.com.pl\/wp-content\/uploads\/2023\/03\/272859686_465968978437075_828505158832463195_n.jpg\"><img loading=\"lazy\" decoding=\"async\" width=\"1024\" height=\"768\" src=\"http:\/\/www.sp23.com.pl\/wp-content\/uploads\/2023\/03\/272859686_465968978437075_828505158832463195_n-1024x768.jpg\" alt=\"\" data-id=\"1415\" data-full-url=\"http:\/\/www.sp23.com.pl\/wp-content\/uploads\/2023\/03\/272859686_465968978437075_828505158832463195_n.jpg\" data-link=\"http:\/\/www.sp23.com.pl\/?attachment_id=1415\" class=\"wp-image-1415\" srcset=\"https:\/\/sp23.poznan.pl\/wp-content\/uploads\/2023\/03\/272859686_465968978437075_828505158832463195_n-1024x768.jpg 1024w, https:\/\/sp23.poznan.pl\/wp-content\/uploads\/2023\/03\/272859686_465968978437075_828505158832463195_n-300x225.jpg 300w, https:\/\/sp23.poznan.pl\/wp-content\/uploads\/2023\/03\/272859686_465968978437075_828505158832463195_n-768x576.jpg 768w, https:\/\/sp23.poznan.pl\/wp-content\/uploads\/2023\/03\/272859686_465968978437075_828505158832463195_n.jpg 1080w\" sizes=\"(max-width: 1024px) 100vw, 1024px\" \/><\/a><\/figure><\/li><li class=\"blocks-gallery-item\"><figure><a href=\"http:\/\/www.sp23.com.pl\/wp-content\/uploads\/2023\/03\/323974692_1141620316551636_8514000286212445760_n.jpg\"><img loading=\"lazy\" decoding=\"async\" width=\"768\" height=\"1024\" src=\"http:\/\/www.sp23.com.pl\/wp-content\/uploads\/2023\/03\/323974692_1141620316551636_8514000286212445760_n-768x1024.jpg\" alt=\"\" data-id=\"1416\" data-full-url=\"http:\/\/www.sp23.com.pl\/wp-content\/uploads\/2023\/03\/323974692_1141620316551636_8514000286212445760_n.jpg\" data-link=\"http:\/\/www.sp23.com.pl\/?attachment_id=1416\" class=\"wp-image-1416\" srcset=\"https:\/\/sp23.poznan.pl\/wp-content\/uploads\/2023\/03\/323974692_1141620316551636_8514000286212445760_n-768x1024.jpg 768w, https:\/\/sp23.poznan.pl\/wp-content\/uploads\/2023\/03\/323974692_1141620316551636_8514000286212445760_n-225x300.jpg 225w, https:\/\/sp23.poznan.pl\/wp-content\/uploads\/2023\/03\/323974692_1141620316551636_8514000286212445760_n-1152x1536.jpg 1152w, https:\/\/sp23.poznan.pl\/wp-content\/uploads\/2023\/03\/323974692_1141620316551636_8514000286212445760_n.jpg 1536w\" sizes=\"(max-width: 768px) 100vw, 768px\" \/><\/a><\/figure><\/li><li class=\"blocks-gallery-item\"><figure><a href=\"http:\/\/www.sp23.com.pl\/wp-content\/uploads\/2023\/03\/327033390_1597128064081232_8653688784845004131_n.jpg\"><img loading=\"lazy\" decoding=\"async\" width=\"1024\" height=\"577\" src=\"http:\/\/www.sp23.com.pl\/wp-content\/uploads\/2023\/03\/327033390_1597128064081232_8653688784845004131_n-1024x577.jpg\" alt=\"\" data-id=\"1417\" data-full-url=\"http:\/\/www.sp23.com.pl\/wp-content\/uploads\/2023\/03\/327033390_1597128064081232_8653688784845004131_n.jpg\" data-link=\"http:\/\/www.sp23.com.pl\/?attachment_id=1417\" class=\"wp-image-1417\" srcset=\"https:\/\/sp23.poznan.pl\/wp-content\/uploads\/2023\/03\/327033390_1597128064081232_8653688784845004131_n-1024x577.jpg 1024w, https:\/\/sp23.poznan.pl\/wp-content\/uploads\/2023\/03\/327033390_1597128064081232_8653688784845004131_n-300x169.jpg 300w, https:\/\/sp23.poznan.pl\/wp-content\/uploads\/2023\/03\/327033390_1597128064081232_8653688784845004131_n-768x432.jpg 768w, https:\/\/sp23.poznan.pl\/wp-content\/uploads\/2023\/03\/327033390_1597128064081232_8653688784845004131_n-1536x865.jpg 1536w, https:\/\/sp23.poznan.pl\/wp-content\/uploads\/2023\/03\/327033390_1597128064081232_8653688784845004131_n.jpg 2048w\" sizes=\"(max-width: 1024px) 100vw, 1024px\" \/><\/a><\/figure><\/li><li class=\"blocks-gallery-item\"><figure><a href=\"http:\/\/www.sp23.com.pl\/wp-content\/uploads\/2023\/03\/1677528223159.jpg\"><img loading=\"lazy\" decoding=\"async\" width=\"769\" height=\"1024\" src=\"http:\/\/www.sp23.com.pl\/wp-content\/uploads\/2023\/03\/1677528223159-769x1024.jpg\" alt=\"\" data-id=\"1418\" data-full-url=\"http:\/\/www.sp23.com.pl\/wp-content\/uploads\/2023\/03\/1677528223159.jpg\" data-link=\"http:\/\/www.sp23.com.pl\/?attachment_id=1418\" class=\"wp-image-1418\" srcset=\"https:\/\/sp23.poznan.pl\/wp-content\/uploads\/2023\/03\/1677528223159-769x1024.jpg 769w, https:\/\/sp23.poznan.pl\/wp-content\/uploads\/2023\/03\/1677528223159-225x300.jpg 225w, https:\/\/sp23.poznan.pl\/wp-content\/uploads\/2023\/03\/1677528223159-768x1023.jpg 768w, https:\/\/sp23.poznan.pl\/wp-content\/uploads\/2023\/03\/1677528223159-1153x1536.jpg 1153w, https:\/\/sp23.poznan.pl\/wp-content\/uploads\/2023\/03\/1677528223159.jpg 1537w\" sizes=\"(max-width: 769px) 100vw, 769px\" \/><\/a><\/figure><\/li><\/ul><\/figure>\n","protected":false},"excerpt":{"rendered":"<p>Szkolne Ko\u0142o Wolontariatu powsta\u0142o w celu rozwini\u0119cia postawy bezinteresownej i dobrowolnej pomocy w\u015br\u00f3d uczni\u00f3w.&nbsp; Od kilku lat ch\u0119tni uczniowie z klas VII i VIII organizuj\u0105 zbi\u00f3rki, poznaj\u0105 fundacje dzia\u0142aj\u0105ce na rzecz innych potrzebuj\u0105cych, uczestnicz\u0105&nbsp; w akcjach u\u015bwiadamiaj\u0105cych warto\u015b\u0107 pomagania.&nbsp; Przyk\u0142adowe akcje:&nbsp; &#8211; zbi\u00f3rka artyku\u0142\u00f3w medycznych i higienicznych dla Fundacji Redemptoris Missio, &#8211; zbi\u00f3rka karmy dla [&hellip;]<\/p>\n","protected":false},"author":1,"featured_media":0,"parent":15,"menu_order":0,"comment_status":"closed","ping_status":"closed","template":"","meta":{"footnotes":""},"class_list":["post-25","page","type-page","status-publish","hentry"],"_links":{"self":[{"href":"https:\/\/sp23.poznan.pl\/index.php?rest_route=\/wp\/v2\/pages\/25","targetHints":{"allow":["GET"]}}],"collection":[{"href":"https:\/\/sp23.poznan.pl\/index.php?rest_route=\/wp\/v2\/pages"}],"about":[{"href":"https:\/\/sp23.poznan.pl\/index.php?rest_route=\/wp\/v2\/types\/page"}],"author":[{"embeddable":true,"href":"https:\/\/sp23.poznan.pl\/index.php?rest_route=\/wp\/v2\/users\/1"}],"replies":[{"embeddable":true,"href":"https:\/\/sp23.poznan.pl\/index.php?rest_route=%2Fwp%2Fv2%2Fcomments&post=25"}],"version-history":[{"count":3,"href":"https:\/\/sp23.poznan.pl\/index.php?rest_route=\/wp\/v2\/pages\/25\/revisions"}],"predecessor-version":[{"id":1419,"href":"https:\/\/sp23.poznan.pl\/index.php?rest_route=\/wp\/v2\/pages\/25\/revisions\/1419"}],"up":[{"embeddable":true,"href":"https:\/\/sp23.poznan.pl\/index.php?rest_route=\/wp\/v2\/pages\/15"}],"wp:attachment":[{"href":"https:\/\/sp23.poznan.pl\/index.php?rest_route=%2Fwp%2Fv2%2Fmedia&parent=25"}],"curies":[{"name":"wp","href":"https:\/\/api.w.org\/{rel}","templated":true}]}}