{"id":232,"date":"2021-10-20T10:43:48","date_gmt":"2021-10-20T08:43:48","guid":{"rendered":"http:\/\/www.sp23.com.pl\/?page_id=232"},"modified":"2024-09-27T13:13:45","modified_gmt":"2024-09-27T11:13:45","slug":"biblioteka","status":"publish","type":"page","link":"https:\/\/sp23.poznan.pl\/?page_id=232","title":{"rendered":"Biblioteka"},"content":{"rendered":"\n<p><strong>Godziny pracy biblioteki szkolnej<\/strong><\/p>\n\n\n\n<figure class=\"wp-block-table\"><table><tbody><tr><td><strong>Dzie\u0144 tygodnia<\/strong><\/td><td><strong>Godziny<\/strong><\/td><\/tr><tr><td><strong>Poniedzia\u0142ek<\/strong><\/td><td>8.oo &#8211; 14.oo<\/td><\/tr><tr><td><strong>Wtorek<\/strong><\/td><td>8.oo &#8211; 14.3o<\/td><\/tr><tr><td><strong>\u015aroda<\/strong><\/td><td>8.oo &#8211; 14.oo<\/td><\/tr><tr><td><strong>Czwartek<\/strong><\/td><td>8.oo &#8211; 15.00<\/td><\/tr><tr><td><strong>Pi\u0105tek<\/strong><\/td><td>8.oo &#8211; 13.3o<\/td><\/tr><\/tbody><\/table><\/figure>\n\n\n\n<p>Biblioteka szkolna znajduje si\u0119 na pierwszym pi\u0119trze budynku szko\u0142y. Korzystaj\u0105 z niej wszyscy uczniowie, nauczyciele oraz pracownicy szko\u0142y. Wi\u0119kszo\u015b\u0107 pozycji stanowi literatura dzieci\u0119ca, m\u0142odzie\u017cowa oraz lektury szkolne. Ksi\u0119gozbi\u00f3r zosta\u0142 bardzo ubogacony przez udzia\u0142 biblioteki w Narodowym Programie Rozwoju Czytelnictwa oraz jest tak\u017ce stale powi\u0119kszany dzi\u0119ki darom od dzieci i rodzic\u00f3w.<\/p>\n\n\n\n<p>Uczniowie przychodz\u0105 znale\u017a\u0107 tu nie tylko ksi\u0105\u017cki, ale i cisz\u0119 oraz przestrze\u0144 do sp\u0119dzenia wolnego czasu. W bibliotece organizowane oraz przygotowywane s\u0105&nbsp;konkursy, akcje czytelnicze, wystawki ksi\u0105\u017cek i ciekawe gazetki szkolne.<\/p>\n\n\n\n<p>Biblioteka posiada kilka komputer\u00f3w do pracy w\u0142asnej oraz internetowy system biblioteczny e-Biblio skorelowany z dziennikiem elektronicznym Librus. Po zalogowaniu si\u0119 na swoje konto wybiera si\u0119 zak\u0142adk\u0119 BIBLIOTEKA, by przej\u015b\u0107 do systemu. Mo\u017cna tam przegl\u0105da\u0107 ksi\u0105\u017cki dost\u0119pne w bibliotece, a tak\u017ce rezerwowa\u0107 je w celu wypo\u017cyczenia. &nbsp;<\/p>\n\n\n\n<figure class=\"wp-block-gallery has-nested-images columns-7 is-cropped wp-block-gallery-1 is-layout-flex wp-block-gallery-is-layout-flex\">\n<figure class=\"wp-block-image size-thumbnail\"><a href=\"https:\/\/www.sp23.com.pl\/wp-content\/uploads\/2023\/03\/20211105_123846-scaled.jpg\"><img decoding=\"async\" width=\"150\" height=\"150\" data-id=\"1421\" src=\"https:\/\/www.sp23.com.pl\/wp-content\/uploads\/2023\/03\/20211105_123846-150x150.jpg\" alt=\"\" class=\"wp-image-1421\"\/><\/a><\/figure>\n\n\n\n<figure class=\"wp-block-image size-thumbnail\"><a href=\"https:\/\/www.sp23.com.pl\/wp-content\/uploads\/2023\/03\/20220114_123309-scaled.jpg\"><img decoding=\"async\" width=\"150\" height=\"150\" data-id=\"1422\" src=\"https:\/\/www.sp23.com.pl\/wp-content\/uploads\/2023\/03\/20220114_123309-150x150.jpg\" alt=\"\" class=\"wp-image-1422\"\/><\/a><\/figure>\n\n\n\n<figure class=\"wp-block-image size-thumbnail\"><a href=\"https:\/\/www.sp23.com.pl\/wp-content\/uploads\/2023\/03\/20220209_113859-scaled.jpg\"><img decoding=\"async\" width=\"150\" height=\"150\" data-id=\"1423\" src=\"https:\/\/www.sp23.com.pl\/wp-content\/uploads\/2023\/03\/20220209_113859-150x150.jpg\" alt=\"\" class=\"wp-image-1423\"\/><\/a><\/figure>\n\n\n\n<figure class=\"wp-block-image size-thumbnail\"><a href=\"https:\/\/www.sp23.com.pl\/wp-content\/uploads\/2023\/03\/20220221_084815-scaled.jpg\"><img loading=\"lazy\" decoding=\"async\" width=\"150\" height=\"150\" data-id=\"1424\" src=\"https:\/\/www.sp23.com.pl\/wp-content\/uploads\/2023\/03\/20220221_084815-150x150.jpg\" alt=\"\" class=\"wp-image-1424\"\/><\/a><\/figure>\n\n\n\n<figure class=\"wp-block-image size-thumbnail\"><a href=\"https:\/\/www.sp23.com.pl\/wp-content\/uploads\/2023\/03\/20220222_123954-scaled.jpg\"><img loading=\"lazy\" decoding=\"async\" width=\"150\" height=\"150\" data-id=\"1425\" src=\"https:\/\/www.sp23.com.pl\/wp-content\/uploads\/2023\/03\/20220222_123954-150x150.jpg\" alt=\"\" class=\"wp-image-1425\"\/><\/a><\/figure>\n\n\n\n<figure class=\"wp-block-image size-thumbnail\"><a href=\"https:\/\/www.sp23.com.pl\/wp-content\/uploads\/2023\/03\/20220224_101812-scaled.jpg\"><img loading=\"lazy\" decoding=\"async\" width=\"150\" height=\"150\" data-id=\"1426\" src=\"https:\/\/www.sp23.com.pl\/wp-content\/uploads\/2023\/03\/20220224_101812-150x150.jpg\" alt=\"\" class=\"wp-image-1426\"\/><\/a><\/figure>\n\n\n\n<figure class=\"wp-block-image size-thumbnail\"><a href=\"https:\/\/www.sp23.com.pl\/wp-content\/uploads\/2023\/03\/20220303_113529-scaled.jpg\"><img loading=\"lazy\" decoding=\"async\" width=\"150\" height=\"150\" data-id=\"1427\" src=\"https:\/\/www.sp23.com.pl\/wp-content\/uploads\/2023\/03\/20220303_113529-150x150.jpg\" alt=\"\" class=\"wp-image-1427\"\/><\/a><\/figure>\n\n\n\n<figure class=\"wp-block-image size-thumbnail\"><a href=\"https:\/\/www.sp23.com.pl\/wp-content\/uploads\/2023\/03\/20220304_113309-scaled.jpg\"><img loading=\"lazy\" decoding=\"async\" width=\"150\" height=\"150\" data-id=\"1428\" src=\"https:\/\/www.sp23.com.pl\/wp-content\/uploads\/2023\/03\/20220304_113309-150x150.jpg\" alt=\"\" class=\"wp-image-1428\"\/><\/a><\/figure>\n\n\n\n<figure class=\"wp-block-image size-thumbnail\"><a href=\"https:\/\/www.sp23.com.pl\/wp-content\/uploads\/2023\/03\/20220406_113449-scaled.jpg\"><img loading=\"lazy\" decoding=\"async\" width=\"150\" height=\"150\" data-id=\"1429\" src=\"https:\/\/www.sp23.com.pl\/wp-content\/uploads\/2023\/03\/20220406_113449-150x150.jpg\" alt=\"\" class=\"wp-image-1429\"\/><\/a><\/figure>\n\n\n\n<figure class=\"wp-block-image size-thumbnail\"><a href=\"https:\/\/www.sp23.com.pl\/wp-content\/uploads\/2023\/03\/20220531_123622-scaled.jpg\"><img loading=\"lazy\" decoding=\"async\" width=\"150\" height=\"150\" data-id=\"1430\" src=\"https:\/\/www.sp23.com.pl\/wp-content\/uploads\/2023\/03\/20220531_123622-150x150.jpg\" alt=\"\" class=\"wp-image-1430\"\/><\/a><\/figure>\n\n\n\n<figure class=\"wp-block-image size-thumbnail\"><a href=\"https:\/\/www.sp23.com.pl\/wp-content\/uploads\/2023\/03\/20221003_093316-scaled.jpg\"><img loading=\"lazy\" decoding=\"async\" width=\"150\" height=\"150\" data-id=\"1431\" src=\"https:\/\/www.sp23.com.pl\/wp-content\/uploads\/2023\/03\/20221003_093316-150x150.jpg\" alt=\"\" class=\"wp-image-1431\"\/><\/a><\/figure>\n\n\n\n<figure class=\"wp-block-image size-thumbnail\"><a href=\"https:\/\/www.sp23.com.pl\/wp-content\/uploads\/2023\/03\/20221004_082146-scaled.jpg\"><img loading=\"lazy\" decoding=\"async\" width=\"150\" height=\"150\" data-id=\"1432\" src=\"https:\/\/www.sp23.com.pl\/wp-content\/uploads\/2023\/03\/20221004_082146-150x150.jpg\" alt=\"\" class=\"wp-image-1432\"\/><\/a><\/figure>\n\n\n\n<figure class=\"wp-block-image size-thumbnail\"><a href=\"https:\/\/www.sp23.com.pl\/wp-content\/uploads\/2023\/03\/20221017_090500-scaled.jpg\"><img loading=\"lazy\" decoding=\"async\" width=\"150\" height=\"150\" data-id=\"1433\" src=\"https:\/\/www.sp23.com.pl\/wp-content\/uploads\/2023\/03\/20221017_090500-150x150.jpg\" alt=\"\" class=\"wp-image-1433\"\/><\/a><\/figure>\n\n\n\n<figure class=\"wp-block-image size-thumbnail\"><a href=\"https:\/\/www.sp23.com.pl\/wp-content\/uploads\/2023\/03\/20221018_090012-scaled.jpg\"><img loading=\"lazy\" decoding=\"async\" width=\"150\" height=\"150\" data-id=\"1434\" src=\"https:\/\/www.sp23.com.pl\/wp-content\/uploads\/2023\/03\/20221018_090012-150x150.jpg\" alt=\"\" class=\"wp-image-1434\"\/><\/a><\/figure>\n\n\n\n<figure class=\"wp-block-image size-thumbnail\"><a href=\"https:\/\/www.sp23.com.pl\/wp-content\/uploads\/2023\/03\/20221020_105641-scaled.jpg\"><img loading=\"lazy\" decoding=\"async\" width=\"150\" height=\"150\" data-id=\"1435\" src=\"https:\/\/www.sp23.com.pl\/wp-content\/uploads\/2023\/03\/20221020_105641-150x150.jpg\" alt=\"\" class=\"wp-image-1435\"\/><\/a><\/figure>\n\n\n\n<figure class=\"wp-block-image size-thumbnail\"><a href=\"https:\/\/www.sp23.com.pl\/wp-content\/uploads\/2023\/03\/20221025_091456-scaled.jpg\"><img loading=\"lazy\" decoding=\"async\" width=\"150\" height=\"150\" data-id=\"1436\" src=\"https:\/\/www.sp23.com.pl\/wp-content\/uploads\/2023\/03\/20221025_091456-150x150.jpg\" alt=\"\" class=\"wp-image-1436\"\/><\/a><\/figure>\n\n\n\n<figure class=\"wp-block-image size-thumbnail\"><a href=\"https:\/\/www.sp23.com.pl\/wp-content\/uploads\/2023\/03\/20221028_105935-scaled.jpg\"><img loading=\"lazy\" decoding=\"async\" width=\"150\" height=\"150\" data-id=\"1437\" src=\"https:\/\/www.sp23.com.pl\/wp-content\/uploads\/2023\/03\/20221028_105935-150x150.jpg\" alt=\"\" class=\"wp-image-1437\"\/><\/a><\/figure>\n\n\n\n<figure class=\"wp-block-image size-thumbnail\"><a href=\"https:\/\/www.sp23.com.pl\/wp-content\/uploads\/2023\/03\/20221129_084644-scaled.jpg\"><img loading=\"lazy\" decoding=\"async\" width=\"150\" height=\"150\" data-id=\"1438\" src=\"https:\/\/www.sp23.com.pl\/wp-content\/uploads\/2023\/03\/20221129_084644-150x150.jpg\" alt=\"\" class=\"wp-image-1438\"\/><\/a><\/figure>\n\n\n\n<figure class=\"wp-block-image size-thumbnail\"><a href=\"https:\/\/www.sp23.com.pl\/wp-content\/uploads\/2023\/03\/20221208_085158-scaled.jpg\"><img loading=\"lazy\" decoding=\"async\" width=\"150\" height=\"150\" data-id=\"1439\" src=\"https:\/\/www.sp23.com.pl\/wp-content\/uploads\/2023\/03\/20221208_085158-150x150.jpg\" alt=\"\" class=\"wp-image-1439\"\/><\/a><\/figure>\n\n\n\n<figure class=\"wp-block-image size-thumbnail\"><a href=\"https:\/\/www.sp23.com.pl\/wp-content\/uploads\/2023\/03\/20230228_123758-scaled.jpg\"><img loading=\"lazy\" decoding=\"async\" width=\"150\" height=\"150\" data-id=\"1440\" src=\"https:\/\/www.sp23.com.pl\/wp-content\/uploads\/2023\/03\/20230228_123758-150x150.jpg\" alt=\"\" class=\"wp-image-1440\"\/><\/a><\/figure>\n\n\n\n<figure class=\"wp-block-image size-thumbnail\"><a href=\"https:\/\/www.sp23.com.pl\/wp-content\/uploads\/2023\/03\/71263071_489589951592306_2647705067192320000_n.jpg\"><img loading=\"lazy\" decoding=\"async\" width=\"150\" height=\"150\" data-id=\"1441\" src=\"https:\/\/www.sp23.com.pl\/wp-content\/uploads\/2023\/03\/71263071_489589951592306_2647705067192320000_n-150x150.jpg\" alt=\"\" class=\"wp-image-1441\"\/><\/a><\/figure>\n\n\n\n<figure class=\"wp-block-image size-thumbnail\"><a href=\"https:\/\/www.sp23.com.pl\/wp-content\/uploads\/2023\/03\/280239278_535828918172412_6003227316726619548_n.jpg\"><img loading=\"lazy\" decoding=\"async\" width=\"150\" height=\"150\" data-id=\"1442\" src=\"https:\/\/www.sp23.com.pl\/wp-content\/uploads\/2023\/03\/280239278_535828918172412_6003227316726619548_n-150x150.jpg\" alt=\"\" class=\"wp-image-1442\"\/><\/a><\/figure>\n\n\n\n<figure class=\"wp-block-image size-thumbnail\"><a href=\"https:\/\/www.sp23.com.pl\/wp-content\/uploads\/2023\/03\/Biblioteka-scaled.jpg\"><img loading=\"lazy\" decoding=\"async\" width=\"150\" height=\"150\" data-id=\"1443\" src=\"https:\/\/www.sp23.com.pl\/wp-content\/uploads\/2023\/03\/Biblioteka-150x150.jpg\" alt=\"\" class=\"wp-image-1443\"\/><\/a><\/figure>\n\n\n\n<figure class=\"wp-block-image size-thumbnail\"><a href=\"https:\/\/www.sp23.com.pl\/wp-content\/uploads\/2023\/03\/Biblioteka1-scaled.jpg\"><img loading=\"lazy\" decoding=\"async\" width=\"150\" height=\"150\" data-id=\"1444\" src=\"https:\/\/www.sp23.com.pl\/wp-content\/uploads\/2023\/03\/Biblioteka1-150x150.jpg\" alt=\"\" class=\"wp-image-1444\"\/><\/a><\/figure>\n\n\n\n<figure class=\"wp-block-image size-thumbnail\"><a href=\"https:\/\/www.sp23.com.pl\/wp-content\/uploads\/2023\/03\/Biblioteka2-scaled.jpg\"><img loading=\"lazy\" decoding=\"async\" width=\"150\" height=\"150\" data-id=\"1445\" src=\"https:\/\/www.sp23.com.pl\/wp-content\/uploads\/2023\/03\/Biblioteka2-150x150.jpg\" alt=\"\" class=\"wp-image-1445\"\/><\/a><\/figure>\n\n\n\n<figure class=\"wp-block-image size-thumbnail\"><a href=\"https:\/\/www.sp23.com.pl\/wp-content\/uploads\/2023\/03\/Biblioteka3-scaled.jpg\"><img loading=\"lazy\" decoding=\"async\" width=\"150\" height=\"150\" data-id=\"1446\" src=\"https:\/\/www.sp23.com.pl\/wp-content\/uploads\/2023\/03\/Biblioteka3-150x150.jpg\" alt=\"\" class=\"wp-image-1446\"\/><\/a><\/figure>\n\n\n\n<figure class=\"wp-block-image size-thumbnail\"><a href=\"https:\/\/www.sp23.com.pl\/wp-content\/uploads\/2023\/03\/received_340154867986988.jpeg\"><img loading=\"lazy\" decoding=\"async\" width=\"150\" height=\"150\" data-id=\"1447\" src=\"https:\/\/www.sp23.com.pl\/wp-content\/uploads\/2023\/03\/received_340154867986988-150x150.jpeg\" alt=\"\" class=\"wp-image-1447\"\/><\/a><\/figure>\n<\/figure>\n","protected":false},"excerpt":{"rendered":"<p>Godziny pracy biblioteki szkolnej Dzie\u0144 tygodnia Godziny Poniedzia\u0142ek 8.oo &#8211; 14.oo Wtorek 8.oo &#8211; 14.3o \u015aroda 8.oo &#8211; 14.oo Czwartek 8.oo &#8211; 15.00 Pi\u0105tek 8.oo &#8211; 13.3o Biblioteka szkolna znajduje si\u0119 na pierwszym pi\u0119trze budynku szko\u0142y. Korzystaj\u0105 z niej wszyscy uczniowie, nauczyciele oraz pracownicy szko\u0142y. Wi\u0119kszo\u015b\u0107 pozycji stanowi literatura dzieci\u0119ca, m\u0142odzie\u017cowa oraz lektury szkolne. Ksi\u0119gozbi\u00f3r [&hellip;]<\/p>\n","protected":false},"author":1,"featured_media":0,"parent":0,"menu_order":0,"comment_status":"closed","ping_status":"closed","template":"","meta":{"footnotes":""},"class_list":["post-232","page","type-page","status-publish","hentry"],"_links":{"self":[{"href":"https:\/\/sp23.poznan.pl\/index.php?rest_route=\/wp\/v2\/pages\/232","targetHints":{"allow":["GET"]}}],"collection":[{"href":"https:\/\/sp23.poznan.pl\/index.php?rest_route=\/wp\/v2\/pages"}],"about":[{"href":"https:\/\/sp23.poznan.pl\/index.php?rest_route=\/wp\/v2\/types\/page"}],"author":[{"embeddable":true,"href":"https:\/\/sp23.poznan.pl\/index.php?rest_route=\/wp\/v2\/users\/1"}],"replies":[{"embeddable":true,"href":"https:\/\/sp23.poznan.pl\/index.php?rest_route=%2Fwp%2Fv2%2Fcomments&post=232"}],"version-history":[{"count":3,"href":"https:\/\/sp23.poznan.pl\/index.php?rest_route=\/wp\/v2\/pages\/232\/revisions"}],"predecessor-version":[{"id":1975,"href":"https:\/\/sp23.poznan.pl\/index.php?rest_route=\/wp\/v2\/pages\/232\/revisions\/1975"}],"wp:attachment":[{"href":"https:\/\/sp23.poznan.pl\/index.php?rest_route=%2Fwp%2Fv2%2Fmedia&parent=232"}],"curies":[{"name":"wp","href":"https:\/\/api.w.org\/{rel}","templated":true}]}}