{"id":230,"date":"2021-10-20T10:43:26","date_gmt":"2021-10-20T08:43:26","guid":{"rendered":"http:\/\/www.sp23.com.pl\/?page_id=230"},"modified":"2021-10-20T10:43:26","modified_gmt":"2021-10-20T08:43:26","slug":"swietlica","status":"publish","type":"page","link":"https:\/\/sp23.poznan.pl\/?page_id=230","title":{"rendered":"\u015awietlica"},"content":{"rendered":"\n<p><strong>REGU\u0141Y ZACHOWANIA UCZNIA W \u015aWIETLICY SZKOLNEJ<\/strong><\/p>\n\n\n\n<p><strong>*&nbsp;<\/strong>Do \u015bwietlicy przychodzimy przed lekcjami lub zaraz po zako\u0144czeniu zaj\u0119\u0107.<\/p>\n\n\n\n<p><strong>*&nbsp;<\/strong>\u015awietlica szkolna to miejsce, w kt\u00f3rym pracujemy i odpoczywamy.<br><strong>*<\/strong>&nbsp;Bawimy si\u0119 cicho i zgodnie.<\/p>\n\n\n\n<p><strong>*<\/strong>Dbamy o estetyczny wygl\u0105d \u015bwietlicy szkolnej.<\/p>\n\n\n\n<p><strong>*<\/strong>Na boisko szkolne wychodzimy zawsze z nauczycielem.<\/p>\n\n\n\n<p><strong>*<\/strong>Na sto\u0142\u00f3wce szkolnej zachowujemy si\u0119 kulturalnie.<\/p>\n\n\n\n<p><strong>*<\/strong>Szanujemy nauczycieli, siebie nawzajem oraz pozosta\u0142ych pracownik\u00f3w szko\u0142y.<\/p>\n\n\n\n<p><br><strong>G\u0141\u00d3WNYM CELEM \u015aWIETLICY JEST<\/strong><\/p>\n\n\n\n<p><strong>*<\/strong>&nbsp;zapewnienie zorganizowanej opieki wychowawczej przed i po zako\u0144czonych,<br><strong>*&nbsp;<\/strong>obowi\u0105zkowych zaj\u0119ciach edukacyjnych<\/p>\n\n\n\n<p><strong>*&nbsp;<\/strong>tworzenie warunk\u00f3w do nauki w\u0142asnej i pomocy w nauce<\/p>\n\n\n\n<p><strong>*&nbsp;<\/strong>rozwijanie zainteresowa\u0144 i uzdolnie\u0144 wychowank\u00f3w<br>Do podstawowych zada\u0144 \u015bwietlicy nale\u017cy:<br><strong>*&nbsp;<\/strong>zapewnienie opieki wychowankom przed i po zaj\u0119ciach lekcyjnych<\/p>\n\n\n\n<p><strong>*&nbsp;<\/strong>pomoc w odrabianiu lekcji<\/p>\n\n\n\n<p><strong>*&nbsp;<\/strong>organizowanie gier i zabaw ruchowych<\/p>\n\n\n\n<p><strong>*&nbsp;<\/strong>organizowanie zaj\u0119\u0107 rozwijaj\u0105cych zainteresowania i uzdolnienia uczni\u00f3w<\/p>\n\n\n\n<p><strong>*<\/strong>&nbsp;kszta\u0142towanie nawyk\u00f3w kultury \u017cycia codziennego<\/p>\n\n\n\n<p><strong>*&nbsp;<\/strong>rozwijanie samodzielno\u015bci i spo\u0142ecznej aktywno\u015bci.<\/p>\n\n\n\n<p><strong>FUNKCJONOWANIE \u015aWIETLICY SZKOLNEJ<\/strong><\/p>\n\n\n\n<p><strong>*<\/strong><strong>\u015awietlica szkolna czynna jest we wszystkie dni nauki szkolnej w godz. 6:30 \u2013 17:00.<\/strong><br><strong>*<\/strong>Podczas dni nauki szkolnej, wolnych od zaj\u0119\u0107 dydaktycznych \u015bwietlica pe\u0142ni wy\u0142\u0105cznie funkcj\u0119 opieku\u0144cz\u0105.<br><strong>*<\/strong>Zg\u0142oszenie dziecka do \u015bwietlicy odbywa si\u0119 poprzez z\u0142o\u017cenie do \u015bwietlicy szko\u0142y wype\u0142nionej przez rodzica lub prawnego opiekuna dziecka \u2013&nbsp;<strong>\u201eKarty zg\u0142oszenia dziecka do \u015bwietlicy\u201d.<\/strong><br><strong>*<\/strong>W \u015bwietlicy mog\u0105 przebywa\u0107 uczniowie, kt\u00f3rzy nie ucz\u0119szczaj\u0105 na lekcje religii.<br><strong>*<\/strong>\u015awietlica realizuje swoje zadania wed\u0142ug opracowanego \u201eRocznego planu pracy \u015bwietlicy\u201d na dany rok szkolny, zaakceptowanego przez dyrektora szko\u0142y.<br><strong>*<\/strong>Wychowawcy \u015bwietlicy dokonuj\u0105 oceny zachowania uczni\u00f3w zgodnie z kryteriami zawartymi w Statucie Szko\u0142y.<br><strong>*<\/strong>Za bezpiecze\u0144stwo uczni\u00f3w zapisanych do \u015bwietlicy szkolnej odpowiadaj\u0105 nauczyciele. Odpowiedzialno\u015b\u0107 nauczyciela-wychowawcy \u015bwietlicy za ucznia rozpoczyna si\u0119 z chwil\u0105 przyj\u015bcia dziecka do \u015bwietlicy i zg\u0142oszenia tego faktu nauczycielowi \u015bwietlicy, a\u017c do jego odbioru przez rodzica.<br><strong>*<\/strong>Uczniowie na swoje zaj\u0119cia udaj\u0105 si\u0119 samodzielnie, a po sko\u0144czonych zaj\u0119ciach wracaj\u0105 do \u015bwietlicy szkolnej i w\u00f3wczas za ich bezpiecze\u0144stwo odpowiada w\u00f3wczas nauczyciel prowadz\u0105cy zaj\u0119cia.<br><\/p>\n\n\n\n<p><strong>\u015awietlica wymaga pisemnych upowa\u017cnie\u0144 w przypadku:<\/strong><br>&#8211;&nbsp;odbierania ucznia przez inne osoby ni\u017c rodzic\/prawny opiekun,<br>&#8211;&nbsp;o\u015bwiadcze\u0144 o samodzielnym powrocie dziecka do domu.<br><strong>W przypadku braku pisemnej informacji od rodzic\u00f3w o zwolnieniu ucznia z zaj\u0119\u0107 \u015bwietlicowych dziecko nie b\u0119dzie mog\u0142o opu\u015bci\u0107 \u015bwietlicy.<\/strong><br><strong>*&nbsp;<\/strong>Wszelkie zmiany dotycz\u0105ce opuszczania \u015bwietlicy przez ucznia musz\u0105 by\u0107 przekazane do wychowawcy \u015bwietlicy opatrzone podpisanym przez rodzic\u00f3w, prawnych opiekun\u00f3w pi\u015bmie.<br><strong>*&nbsp;<\/strong>Zgoda rodzica, prawnego opiekuna na samodzielne powroty ucznia do domu wyra\u017cona telefonicznie b\u0119dzie uwzgl\u0119dniana tylko w sporadycznych, nag\u0142ych lub uzasadnionych przypadkach.<br><strong>*&nbsp;<\/strong>Korzystanie przez uczni\u00f3w na terenie szko\u0142y z telefon\u00f3w kom\u00f3rkowych jest zabronione.<br><strong>*&nbsp;<\/strong>Za rzeczy zniszczone przez dziecko odpowiada rodzic (opiekun).<br><strong>*&nbsp;<\/strong>Za rzeczy przynoszone przez dzieci, \u015bwietlica nie ponosi odpowiedzialno\u015bci.<br><strong>*&nbsp;<\/strong><strong>Rodzice s\u0105 zobowi\u0105zani do przestrzegania godzin pracy \u015bwietlicy szkolnej i punktualnego odbierania uczni\u00f3w po sko\u0144czonych zaj\u0119ciach.<\/strong><br><\/p>\n\n\n\n<p><br><strong>PRAWA I OBOWI\u0104ZKI UCZNIA W \u015aWIETLICY<\/strong><br>1. Ucze\u0144 przebywaj\u0105cy w \u015bwietlicy szkolnej ma prawo do:&nbsp;<strong>*<\/strong>zorganizowanej opieki wychowawczej<br><strong>*<\/strong>\u017cyczliwego traktowania poszanowania godno\u015bci osobistej&nbsp;<strong>*<\/strong>uczestniczenia w grach i zabawach organizowanych przez wychowawc\u00f3w<br><strong>*<\/strong>zg\u0142aszania w\u0142asnych propozycji zabaw<br><strong>*<\/strong>korzystania z wyposa\u017cenia \u015bwietlicy<br><strong>*<\/strong>pomocy przy odrabianiu lekcji<br><strong>*<\/strong>ochrony przed przemoc\u0105 fizyczn\u0105 i psychiczn\u0105<br>2. Ucze\u0144 jest zobowi\u0105zany do:<br><strong>*<\/strong>przychodzenia do \u015bwietlicy bezpo\u015brednio po zako\u0144czeniu zaj\u0119\u0107 lekcyjnych i zg\u0142oszenia swojej obecno\u015bci wychowawcy<br><strong>*<\/strong>przestrzegania regulaminu \u015bwietlicy<br><strong>*<\/strong>przestrzegania zasad i norm obowi\u0105zuj\u0105cych w szkole i w \u015bwietlicy&nbsp;<strong>*<\/strong>kulturalnego zachowania wobec koleg\u00f3w, nauczycieli i innych pracownik\u00f3w szko\u0142y<br><strong>*<\/strong>pomagania m\u0142odszym kolegom dbania o wsp\u00f3lne dobro, \u0142ad i porz\u0105dek<br><strong>*<\/strong>dbania o bezpiecze\u0144stwo swoje i koleg\u00f3w stosowania si\u0119 do polece\u0144 wychowawc\u00f3w<br><strong>*<\/strong>aktywnego uczestnictwa w zaj\u0119ciach informowania nauczyciela o ka\u017cdorazowym zamiarze opuszczenia \u015bwietlicy<\/p>\n\n\n\n<p><br><strong>NAGRODY, WYR\u00d3\u017bNIENIA I KARY<\/strong><br>1. Nagrod\u0119, wyr\u00f3\u017cnienie udziela wychowawca \u015bwietlicy poprzez pochwa\u0142\u0119, dyplom.<br>2. Kar\u0105 mo\u017ce by\u0107 upomnienie (w obecno\u015bci uczni\u00f3w, wychowawcy klasy), uwaga wpisana do dziennika, rozmowa z rodzicami<br>3. Wychowankowie, kt\u00f3rzy nie przestrzegaj\u0105 regulaminu \u015bwietlicy mog\u0105 zosta\u0107 ukarani wed\u0142ug zasad okre\u015blonych w Statucie Szko\u0142y<br>4. Wychowankowie, kt\u00f3rzy wyr\u00f3\u017cniaj\u0105 si\u0119 w zaj\u0119ciach i pracy na rzecz \u015bwietlicy mog\u0105 zosta\u0107 nagrodzeni wed\u0142ug zasad okre\u015blonych w Statucie Szko\u0142y.<\/p>\n","protected":false},"excerpt":{"rendered":"<p>REGU\u0141Y ZACHOWANIA UCZNIA W \u015aWIETLICY SZKOLNEJ *&nbsp;Do \u015bwietlicy przychodzimy przed lekcjami lub zaraz po zako\u0144czeniu zaj\u0119\u0107. *&nbsp;\u015awietlica szkolna to miejsce, w kt\u00f3rym pracujemy i odpoczywamy.*&nbsp;Bawimy si\u0119 cicho i zgodnie. *Dbamy o estetyczny wygl\u0105d \u015bwietlicy szkolnej. *Na boisko szkolne wychodzimy zawsze z nauczycielem. *Na sto\u0142\u00f3wce szkolnej zachowujemy si\u0119 kulturalnie. *Szanujemy nauczycieli, siebie nawzajem oraz pozosta\u0142ych pracownik\u00f3w [&hellip;]<\/p>\n","protected":false},"author":1,"featured_media":0,"parent":0,"menu_order":0,"comment_status":"closed","ping_status":"closed","template":"","meta":{"footnotes":""},"class_list":["post-230","page","type-page","status-publish","hentry"],"_links":{"self":[{"href":"https:\/\/sp23.poznan.pl\/index.php?rest_route=\/wp\/v2\/pages\/230","targetHints":{"allow":["GET"]}}],"collection":[{"href":"https:\/\/sp23.poznan.pl\/index.php?rest_route=\/wp\/v2\/pages"}],"about":[{"href":"https:\/\/sp23.poznan.pl\/index.php?rest_route=\/wp\/v2\/types\/page"}],"author":[{"embeddable":true,"href":"https:\/\/sp23.poznan.pl\/index.php?rest_route=\/wp\/v2\/users\/1"}],"replies":[{"embeddable":true,"href":"https:\/\/sp23.poznan.pl\/index.php?rest_route=%2Fwp%2Fv2%2Fcomments&post=230"}],"version-history":[{"count":1,"href":"https:\/\/sp23.poznan.pl\/index.php?rest_route=\/wp\/v2\/pages\/230\/revisions"}],"predecessor-version":[{"id":231,"href":"https:\/\/sp23.poznan.pl\/index.php?rest_route=\/wp\/v2\/pages\/230\/revisions\/231"}],"wp:attachment":[{"href":"https:\/\/sp23.poznan.pl\/index.php?rest_route=%2Fwp%2Fv2%2Fmedia&parent=230"}],"curies":[{"name":"wp","href":"https:\/\/api.w.org\/{rel}","templated":true}]}}