{"id":1492,"date":"2023-04-11T15:01:53","date_gmt":"2023-04-11T13:01:53","guid":{"rendered":"http:\/\/www.sp23.com.pl\/?page_id=1492"},"modified":"2023-04-11T15:01:53","modified_gmt":"2023-04-11T13:01:53","slug":"duplikaty-dokumentow","status":"publish","type":"page","link":"https:\/\/sp23.poznan.pl\/?page_id=1492","title":{"rendered":"Duplikaty dokument\u00f3w"},"content":{"rendered":"\n<p>Numer konta szko\u0142y na kt\u00f3ry mo\u017cna wp\u0142aca\u0107 pieni\u0105dze za duplikaty n\/w dokument\u00f3w.<br><strong>PKO BP 13 1020 4027 0000 1902 1263 9631<br><\/strong>Op\u0142ata za wydanie duplikatu legitymacji szkolnej wynosi <strong>9z\u0142<\/strong>.<br>Op\u0142ata za wydanie duplikatu \u015bwiadectwa szkolnego wynosi <strong>26z\u0142<\/strong>.<br>W tytule przelewu nale\u017cy poda\u0107 <strong>imi\u0119 i nazwisko ucznia<\/strong>.<\/p>\n","protected":false},"excerpt":{"rendered":"<p>Numer konta szko\u0142y na kt\u00f3ry mo\u017cna wp\u0142aca\u0107 pieni\u0105dze za duplikaty n\/w dokument\u00f3w.PKO BP 13 1020 4027 0000 1902 1263 9631Op\u0142ata za wydanie duplikatu legitymacji szkolnej wynosi 9z\u0142.Op\u0142ata za wydanie duplikatu \u015bwiadectwa szkolnego wynosi 26z\u0142.W tytule przelewu nale\u017cy poda\u0107 imi\u0119 i nazwisko ucznia.<\/p>\n","protected":false},"author":3,"featured_media":0,"parent":0,"menu_order":0,"comment_status":"closed","ping_status":"closed","template":"","meta":{"footnotes":""},"class_list":["post-1492","page","type-page","status-publish","hentry"],"_links":{"self":[{"href":"https:\/\/sp23.poznan.pl\/index.php?rest_route=\/wp\/v2\/pages\/1492","targetHints":{"allow":["GET"]}}],"collection":[{"href":"https:\/\/sp23.poznan.pl\/index.php?rest_route=\/wp\/v2\/pages"}],"about":[{"href":"https:\/\/sp23.poznan.pl\/index.php?rest_route=\/wp\/v2\/types\/page"}],"author":[{"embeddable":true,"href":"https:\/\/sp23.poznan.pl\/index.php?rest_route=\/wp\/v2\/users\/3"}],"replies":[{"embeddable":true,"href":"https:\/\/sp23.poznan.pl\/index.php?rest_route=%2Fwp%2Fv2%2Fcomments&post=1492"}],"version-history":[{"count":1,"href":"https:\/\/sp23.poznan.pl\/index.php?rest_route=\/wp\/v2\/pages\/1492\/revisions"}],"predecessor-version":[{"id":1493,"href":"https:\/\/sp23.poznan.pl\/index.php?rest_route=\/wp\/v2\/pages\/1492\/revisions\/1493"}],"wp:attachment":[{"href":"https:\/\/sp23.poznan.pl\/index.php?rest_route=%2Fwp%2Fv2%2Fmedia&parent=1492"}],"curies":[{"name":"wp","href":"https:\/\/api.w.org\/{rel}","templated":true}]}}