{"id":1452,"date":"2023-03-30T14:33:25","date_gmt":"2023-03-30T12:33:25","guid":{"rendered":"http:\/\/www.sp23.com.pl\/?page_id=1452"},"modified":"2026-03-30T13:01:17","modified_gmt":"2026-03-30T11:01:17","slug":"nabor","status":"publish","type":"page","link":"https:\/\/sp23.poznan.pl\/?page_id=1452","title":{"rendered":"Nab\u00f3r 2026"},"content":{"rendered":"\n<p>Dokumenty dotycz\u0105ce naboru do klasy 1 Szko\u0142y Podstawowej:<\/p>\n\n\n\n<div class=\"wp-block-file\"><a id=\"wp-block-file--media-30d836e8-ffc5-4319-9e93-1bf4cb20e55f\" href=\"https:\/\/sp23.poznan.pl\/wp-content\/uploads\/2026\/03\/Zgloszeniedoszkolyobwodowej.pdf\">Zg\u0142oszenie+do+szko\u0142y+obwodowej [pdf 228kB]<\/a><a href=\"https:\/\/sp23.poznan.pl\/wp-content\/uploads\/2026\/03\/Zgloszeniedoszkolyobwodowej.pdf\" class=\"wp-block-file__button wp-element-button\" download aria-describedby=\"wp-block-file--media-30d836e8-ffc5-4319-9e93-1bf4cb20e55f\">Pobierz<\/a><\/div>\n\n\n\n<div class=\"wp-block-file\"><a id=\"wp-block-file--media-d493656f-3950-4ac3-bc2d-3de518c9339d\" href=\"https:\/\/sp23.poznan.pl\/wp-content\/uploads\/2026\/03\/JakwypelniczgloszeniedoklasyISP-instrukcje.pdf\">Jak+wype\u0142ni\u0107+zg\u0142oszenie+do+klasy+I+SP+-+instrukcje [pdf 378kB]<\/a><a href=\"https:\/\/sp23.poznan.pl\/wp-content\/uploads\/2026\/03\/JakwypelniczgloszeniedoklasyISP-instrukcje.pdf\" class=\"wp-block-file__button wp-element-button\" download aria-describedby=\"wp-block-file--media-d493656f-3950-4ac3-bc2d-3de518c9339d\">Pobierz<\/a><\/div>\n\n\n\n<div class=\"wp-block-file\"><a id=\"wp-block-file--media-d6422ecf-a4d7-4c60-9d3e-7d001ad6b4b1\" href=\"https:\/\/sp23.poznan.pl\/wp-content\/uploads\/2026\/03\/InstrukcjajakwypelniczgloszeniedoklasyISP.pdf\">Instrukcja+jak+wype\u0142ni\u0107+zg\u0142oszenie+do+klasy+I+SP [pdf 461kB]<\/a><a href=\"https:\/\/sp23.poznan.pl\/wp-content\/uploads\/2026\/03\/InstrukcjajakwypelniczgloszeniedoklasyISP.pdf\" class=\"wp-block-file__button wp-element-button\" download aria-describedby=\"wp-block-file--media-d6422ecf-a4d7-4c60-9d3e-7d001ad6b4b1\">Pobierz<\/a><\/div>\n\n\n\n<div class=\"wp-block-file\"><a id=\"wp-block-file--media-a3f13184-ae4f-4b7c-b99c-e3e67a6e6bb0\" href=\"https:\/\/sp23.poznan.pl\/wp-content\/uploads\/2026\/03\/InformatordlaRodzicowdziecirozpoczynajaychwrokuszkolnym2026_2027naukewIklasieszkolypodstawowej.pdf\">Informator+dla+Rodzic\u00f3w+dzieci+rozpoczynaj\u0105ych+w+roku+szkolnym+2026_2027+nauk\u0119+w+I+klasie+szko\u0142y+podstawowej+ [pdf  573kB]<\/a><a href=\"https:\/\/sp23.poznan.pl\/wp-content\/uploads\/2026\/03\/InformatordlaRodzicowdziecirozpoczynajaychwrokuszkolnym2026_2027naukewIklasieszkolypodstawowej.pdf\" class=\"wp-block-file__button wp-element-button\" download aria-describedby=\"wp-block-file--media-a3f13184-ae4f-4b7c-b99c-e3e67a6e6bb0\">Pobierz<\/a><\/div>\n\n\n\n<div class=\"wp-block-file\"><a id=\"wp-block-file--media-b52b52e6-f40b-4c01-9c83-ffb7c5ed0b01\" href=\"https:\/\/sp23.poznan.pl\/wp-content\/uploads\/2026\/03\/InstrukcjajakwypelnicizlozycwniosekdoklasyISP.pdf\">Instrukcja+jak+wype\u0142ni\u0107+i+z\u0142o\u017cy\u0107+wniosek+do+klasy+I+SP [pdf 573kB]<\/a><a href=\"https:\/\/sp23.poznan.pl\/wp-content\/uploads\/2026\/03\/InstrukcjajakwypelnicizlozycwniosekdoklasyISP.pdf\" class=\"wp-block-file__button wp-element-button\" download aria-describedby=\"wp-block-file--media-b52b52e6-f40b-4c01-9c83-ffb7c5ed0b01\">Pobierz<\/a><\/div>\n\n\n\n<div class=\"wp-block-file\"><a id=\"wp-block-file--media-214bb991-2831-49b4-a02c-bf6c81c6db8c\" href=\"https:\/\/sp23.poznan.pl\/wp-content\/uploads\/2026\/03\/Terminy_przeprowadzenia_postepowania_rekrutacyjnego_do_klas_pierwszych_publicznych_szkol_podstawowychna_rok_szkolny_2026_2027.pdf\">Terminy_przeprowadzenia_post\u0119powania_rekrutacyjnego_do_klas_pierwszych_publicznych_szk\u00f3\u0142_podstawowychna_rok_szkolny_2026_2027 [pdf 113kB]<\/a><a href=\"https:\/\/sp23.poznan.pl\/wp-content\/uploads\/2026\/03\/Terminy_przeprowadzenia_postepowania_rekrutacyjnego_do_klas_pierwszych_publicznych_szkol_podstawowychna_rok_szkolny_2026_2027.pdf\" class=\"wp-block-file__button wp-element-button\" download aria-describedby=\"wp-block-file--media-214bb991-2831-49b4-a02c-bf6c81c6db8c\">Pobierz<\/a><\/div>\n\n\n\n<div class=\"wp-block-file\"><a id=\"wp-block-file--media-f5bd9c2a-939e-43b5-90a6-f9438e0f4397\" href=\"https:\/\/sp23.poznan.pl\/wp-content\/uploads\/2026\/03\/Uchwala_Rady_Miasta_Poznania_w_sprawie_okreslenia_kryteriow_rekrutacji.pdf\">Uchwa\u0142a_Rady_Miasta_Poznania_w_sprawie_okre\u015blenia_kryteri\u00f3w_rekrutacji [pdf 108kB]<\/a><a href=\"https:\/\/sp23.poznan.pl\/wp-content\/uploads\/2026\/03\/Uchwala_Rady_Miasta_Poznania_w_sprawie_okreslenia_kryteriow_rekrutacji.pdf\" class=\"wp-block-file__button wp-element-button\" download aria-describedby=\"wp-block-file--media-f5bd9c2a-939e-43b5-90a6-f9438e0f4397\">Pobierz<\/a><\/div>\n\n\n\n<div class=\"wp-block-file\"><a id=\"wp-block-file--media-a1474f18-a21f-4dbc-876c-fa0359388337\" href=\"https:\/\/sp23.poznan.pl\/wp-content\/uploads\/2026\/03\/Klauzula_informacyjna_przetwarzanie_danych.pdf\">Klauzula_informacyjna_przetwarzanie_danych [pdf 181kB]<\/a><a href=\"https:\/\/sp23.poznan.pl\/wp-content\/uploads\/2026\/03\/Klauzula_informacyjna_przetwarzanie_danych.pdf\" class=\"wp-block-file__button wp-element-button\" download aria-describedby=\"wp-block-file--media-a1474f18-a21f-4dbc-876c-fa0359388337\">Pobierz<\/a><\/div>\n","protected":false},"excerpt":{"rendered":"<p>Dokumenty dotycz\u0105ce naboru do klasy 1 Szko\u0142y Podstawowej:<\/p>\n","protected":false},"author":3,"featured_media":0,"parent":0,"menu_order":0,"comment_status":"closed","ping_status":"closed","template":"","meta":{"footnotes":""},"class_list":["post-1452","page","type-page","status-publish","hentry"],"_links":{"self":[{"href":"https:\/\/sp23.poznan.pl\/index.php?rest_route=\/wp\/v2\/pages\/1452","targetHints":{"allow":["GET"]}}],"collection":[{"href":"https:\/\/sp23.poznan.pl\/index.php?rest_route=\/wp\/v2\/pages"}],"about":[{"href":"https:\/\/sp23.poznan.pl\/index.php?rest_route=\/wp\/v2\/types\/page"}],"author":[{"embeddable":true,"href":"https:\/\/sp23.poznan.pl\/index.php?rest_route=\/wp\/v2\/users\/3"}],"replies":[{"embeddable":true,"href":"https:\/\/sp23.poznan.pl\/index.php?rest_route=%2Fwp%2Fv2%2Fcomments&post=1452"}],"version-history":[{"count":15,"href":"https:\/\/sp23.poznan.pl\/index.php?rest_route=\/wp\/v2\/pages\/1452\/revisions"}],"predecessor-version":[{"id":2378,"href":"https:\/\/sp23.poznan.pl\/index.php?rest_route=\/wp\/v2\/pages\/1452\/revisions\/2378"}],"wp:attachment":[{"href":"https:\/\/sp23.poznan.pl\/index.php?rest_route=%2Fwp%2Fv2%2Fmedia&parent=1452"}],"curies":[{"name":"wp","href":"https:\/\/api.w.org\/{rel}","templated":true}]}}